{"id":520,"date":"2025-04-03T11:37:46","date_gmt":"2025-04-03T11:37:46","guid":{"rendered":"https:\/\/magical-cohen.5-44-109-22.plesk.page\/?page_id=520"},"modified":"2025-04-03T11:54:49","modified_gmt":"2025-04-03T11:54:49","slug":"dialogmarketing","status":"publish","type":"page","link":"https:\/\/magical-cohen.5-44-109-22.plesk.page\/index.php\/dialogmarketing\/","title":{"rendered":"Dialogmarketing"},"content":{"rendered":"\t\t<div data-elementor-type=\"wp-page\" data-elementor-id=\"520\" class=\"elementor elementor-520\" data-elementor-post-type=\"page\">\n\t\t\t\t<div class=\"elementor-element elementor-element-b507b03 e-con-full e-flex e-con e-parent\" data-id=\"b507b03\" data-element_type=\"container\" data-settings=\"{&quot;background_background&quot;:&quot;classic&quot;}\">\n\t\t\t\t<\/div>\n\t\t<div class=\"elementor-element elementor-element-54ca37d e-flex e-con-boxed e-con e-parent\" data-id=\"54ca37d\" data-element_type=\"container\" data-settings=\"{&quot;background_background&quot;:&quot;classic&quot;}\">\n\t\t\t\t\t<div class=\"e-con-inner\">\n\t\t<div class=\"elementor-element elementor-element-6116f49 e-con-full e-flex e-con e-child\" data-id=\"6116f49\" data-element_type=\"container\">\n\t\t\t\t<div class=\"elementor-element elementor-element-6df6906 elementor-widget elementor-widget-heading\" data-id=\"6df6906\" data-element_type=\"widget\" data-widget_type=\"heading.default\">\n\t\t\t\t<div class=\"elementor-widget-container\">\n\t\t\t\t\t<h1 class=\"elementor-heading-title elementor-size-default\">MWW Medien: Ihr Partner f\u00fcr erfolgreiches Dialogmarketing<\/h1>\t\t\t\t<\/div>\n\t\t\t\t<\/div>\n\t\t\t\t<div class=\"elementor-element elementor-element-5ade134 elementor-widget elementor-widget-text-editor\" data-id=\"5ade134\" data-element_type=\"widget\" data-widget_type=\"text-editor.default\">\n\t\t\t\t<div class=\"elementor-widget-container\">\n\t\t\t\t\t\t\t\t\t<div class=\"uk-panel uk-margin\"><p class=\"p1\">Im heutigen, zunehmend digitalen Zeitalter ist es wichtiger denn je, potenzielle Kunden direkt und pers\u00f6nlich anzusprechen. Mit\u00a0<strong>MWW Medien<\/strong>\u00a0an Ihrer Seite profitieren Sie von ma\u00dfgeschneiderten L\u00f6sungen im Bereich Dialogmarketing, die Ihre Zielgruppe erreichen und begeistern.<\/p><\/div>\t\t\t\t\t\t\t\t<\/div>\n\t\t\t\t<\/div>\n\t\t<div class=\"elementor-element elementor-element-bd68643 e-grid e-con-boxed e-con e-child\" data-id=\"bd68643\" data-element_type=\"container\">\n\t\t\t\t\t<div class=\"e-con-inner\">\n\t\t\t\t<div class=\"elementor-element elementor-element-b25852b elementor-widget elementor-widget-image\" data-id=\"b25852b\" data-element_type=\"widget\" data-widget_type=\"image.default\">\n\t\t\t\t<div class=\"elementor-widget-container\">\n\t\t\t\t\t\t\t\t\t\t\t\t\t\t\t<img fetchpriority=\"high\" decoding=\"async\" width=\"1024\" height=\"942\" src=\"https:\/\/magical-cohen.5-44-109-22.plesk.page\/wp-content\/uploads\/2025\/04\/SET_Weihnachtskarte_2024-1024x942.png\" class=\"attachment-large size-large wp-image-525\" alt=\"\" srcset=\"https:\/\/magical-cohen.5-44-109-22.plesk.page\/wp-content\/uploads\/2025\/04\/SET_Weihnachtskarte_2024-1024x942.png 1024w, https:\/\/magical-cohen.5-44-109-22.plesk.page\/wp-content\/uploads\/2025\/04\/SET_Weihnachtskarte_2024-300x276.png 300w, https:\/\/magical-cohen.5-44-109-22.plesk.page\/wp-content\/uploads\/2025\/04\/SET_Weihnachtskarte_2024-768x707.png 768w, https:\/\/magical-cohen.5-44-109-22.plesk.page\/wp-content\/uploads\/2025\/04\/SET_Weihnachtskarte_2024.png 1080w\" sizes=\"(max-width: 1024px) 100vw, 1024px\" \/>\t\t\t\t\t\t\t\t\t\t\t\t\t\t\t<\/div>\n\t\t\t\t<\/div>\n\t\t\t\t<div class=\"elementor-element elementor-element-cc8488d elementor-widget elementor-widget-image\" data-id=\"cc8488d\" data-element_type=\"widget\" data-widget_type=\"image.default\">\n\t\t\t\t<div class=\"elementor-widget-container\">\n\t\t\t\t\t\t\t\t\t\t\t\t\t\t\t<img decoding=\"async\" width=\"1080\" height=\"994\" src=\"https:\/\/magical-cohen.5-44-109-22.plesk.page\/wp-content\/uploads\/2025\/04\/GJ_ET_50Jahre.png\" class=\"attachment-full size-full wp-image-526\" alt=\"\" srcset=\"https:\/\/magical-cohen.5-44-109-22.plesk.page\/wp-content\/uploads\/2025\/04\/GJ_ET_50Jahre.png 1080w, https:\/\/magical-cohen.5-44-109-22.plesk.page\/wp-content\/uploads\/2025\/04\/GJ_ET_50Jahre-300x276.png 300w, https:\/\/magical-cohen.5-44-109-22.plesk.page\/wp-content\/uploads\/2025\/04\/GJ_ET_50Jahre-1024x942.png 1024w, https:\/\/magical-cohen.5-44-109-22.plesk.page\/wp-content\/uploads\/2025\/04\/GJ_ET_50Jahre-768x707.png 768w\" sizes=\"(max-width: 1080px) 100vw, 1080px\" \/>\t\t\t\t\t\t\t\t\t\t\t\t\t\t\t<\/div>\n\t\t\t\t<\/div>\n\t\t\t\t<div class=\"elementor-element elementor-element-0ea0df9 elementor-widget elementor-widget-video\" data-id=\"0ea0df9\" data-element_type=\"widget\" data-settings=\"{&quot;video_type&quot;:&quot;hosted&quot;,&quot;start&quot;:1,&quot;autoplay&quot;:&quot;yes&quot;,&quot;mute&quot;:&quot;yes&quot;,&quot;loop&quot;:&quot;yes&quot;}\" data-widget_type=\"video.default\">\n\t\t\t\t<div class=\"elementor-widget-container\">\n\t\t\t\t\t\t\t<div class=\"e-hosted-video elementor-wrapper elementor-open-inline\">\n\t\t\t\t\t<video class=\"elementor-video\" src=\"https:\/\/magical-cohen.5-44-109-22.plesk.page\/wp-content\/uploads\/2025\/04\/Animation_Ausziehkarte-1.mp4#t=1\" autoplay=\"\" loop=\"\" muted=\"muted\" controlsList=\"nodownload\"><\/video>\n\t\t\t\t<\/div>\n\t\t\t\t\t\t<\/div>\n\t\t\t\t<\/div>\n\t\t\t\t\t<\/div>\n\t\t\t\t<\/div>\n\t\t\t\t<\/div>\n\t\t\t\t\t<\/div>\n\t\t\t\t<\/div>\n\t\t<div class=\"elementor-element elementor-element-d95e8d5 e-flex e-con-boxed e-con e-parent\" data-id=\"d95e8d5\" data-element_type=\"container\" data-settings=\"{&quot;background_background&quot;:&quot;classic&quot;}\">\n\t\t\t\t\t<div class=\"e-con-inner\">\n\t\t\t\t<div class=\"elementor-element elementor-element-c9d0baf elementor-widget-divider--view-line elementor-widget elementor-widget-divider\" data-id=\"c9d0baf\" data-element_type=\"widget\" data-widget_type=\"divider.default\">\n\t\t\t\t<div class=\"elementor-widget-container\">\n\t\t\t\t\t\t\t<div class=\"elementor-divider\">\n\t\t\t<span class=\"elementor-divider-separator\">\n\t\t\t\t\t\t<\/span>\n\t\t<\/div>\n\t\t\t\t\t\t<\/div>\n\t\t\t\t<\/div>\n\t\t<div class=\"elementor-element elementor-element-aedfd39 e-con-full e-flex e-con e-child\" data-id=\"aedfd39\" data-element_type=\"container\">\n\t\t\t\t<div class=\"elementor-element elementor-element-79fe53a elementor-widget elementor-widget-text-editor\" data-id=\"79fe53a\" data-element_type=\"widget\" data-widget_type=\"text-editor.default\">\n\t\t\t\t<div class=\"elementor-widget-container\">\n\t\t\t\t\t\t\t\t\t<div class=\"uk-panel uk-margin\"><h4 style=\"font-style: normal; text-decoration: none; font-family: -apple-system, BlinkMacSystemFont, 'Segoe UI', Roboto, 'Helvetica Neue', Arial, sans-serif; font-weight: bold; color: #ffffff; text-transform: uppercase; font-size: 13px; line-height: 1.4; letter-spacing: 1.8px;\"><span style=\"--uk-inverse: initial; color: #dcbd00;\">Unsere leistungsportfolio im \u00dcBerblick?<\/span><\/h4><div style=\"letter-spacing: normal; font-family: -apple-system, BlinkMacSystemFont, 'Segoe UI', Roboto, 'Helvetica Neue', Arial, sans-serif; font-size: 18px;\"><p><strong>1. Kundenmailings: Individuell und zielgerichtet<\/strong><\/p><p>Ihre Botschaft \u2013 optimal gestaltet und personalisiert. Wir unterst\u00fctzen Sie bei der Erstellung von professionellen Kundenmailings, die Ihre Marke st\u00e4rken und den Kontakt zu Ihren Kunden intensivieren. Vom Design \u00fcber die Textgestaltung bis hin zur Produktion: Wir k\u00fcmmern uns um jeden Schritt.<\/p><p><strong>2. Dialogpost: Effizient und budgetfreundlich<\/strong><\/p><p>Nutzen Sie die Vorteile der Dialogpost, um Ihre Botschaften direkt in die H\u00e4nde Ihrer Zielgruppe zu bringen. Durch unsere Expertise in der Portooptimierung gew\u00e4hrleisten wir kosteneffiziente Versandl\u00f6sungen, die keinen Abstrich bei Qualit\u00e4t und Wirkung machen.<\/p><p><strong>3. Personalisierter und postoptimierter Versand<\/strong><\/p><p>Wir wissen, wie wichtig es ist, dass Ihre Postsendungen sowohl termingerecht als auch individuell gestaltet bei Ihren Kunden ankommen. Dank moderner Technologie und intelligenter Datenverarbeitung sorgen wir f\u00fcr den personalisierten und portoeffizienten Versand Ihrer Dialogmarketing-Materialien.<\/p><p><strong>4. Entwicklung kreativer Kampagnen<\/strong><\/p><p>Ein starkes Dialogmarketing beginnt mit einer \u00fcberzeugenden Idee. Unsere Expert:innen entwickeln innovative Kampagnenstrategien, die zu Ihrer Marke passen und Ihre Zielgruppe genau dort abholen, wo sie sich befindet \u2013 sei es online, offline oder crossmedial.<\/p><\/div><\/div>\t\t\t\t\t\t\t\t<\/div>\n\t\t\t\t<\/div>\n\t\t\t\t<\/div>\n\t\t\t\t\t<\/div>\n\t\t\t\t<\/div>\n\t\t<div class=\"elementor-element elementor-element-f0b0c96 e-flex e-con-boxed e-con e-parent\" data-id=\"f0b0c96\" data-element_type=\"container\" data-settings=\"{&quot;background_background&quot;:&quot;classic&quot;}\">\n\t\t\t\t\t<div class=\"e-con-inner\">\n\t\t\t\t<div class=\"elementor-element elementor-element-2194eee elementor-widget-divider--view-line elementor-widget elementor-widget-divider\" data-id=\"2194eee\" data-element_type=\"widget\" data-widget_type=\"divider.default\">\n\t\t\t\t<div class=\"elementor-widget-container\">\n\t\t\t\t\t\t\t<div class=\"elementor-divider\">\n\t\t\t<span class=\"elementor-divider-separator\">\n\t\t\t\t\t\t<\/span>\n\t\t<\/div>\n\t\t\t\t\t\t<\/div>\n\t\t\t\t<\/div>\n\t\t<div class=\"elementor-element elementor-element-010b100 e-con-full e-flex e-con e-child\" data-id=\"010b100\" data-element_type=\"container\">\n\t\t\t\t<div class=\"elementor-element elementor-element-2b1245a elementor-widget elementor-widget-text-editor\" data-id=\"2b1245a\" data-element_type=\"widget\" data-widget_type=\"text-editor.default\">\n\t\t\t\t<div class=\"elementor-widget-container\">\n\t\t\t\t\t\t\t\t\t<div class=\"uk-panel uk-margin\"><h4 style=\"font-style: normal; text-decoration: none; font-family: -apple-system, BlinkMacSystemFont, 'Segoe UI', Roboto, 'Helvetica Neue', Arial, sans-serif; font-weight: bold; color: #ffffff; text-transform: uppercase; font-size: 13px; line-height: 1.4; letter-spacing: 1.8px;\"><span style=\"--uk-inverse: initial; color: #dcbd00;\">Warum Mww Medien?<\/span><\/h4><div style=\"letter-spacing: normal; font-family: -apple-system, BlinkMacSystemFont, 'Segoe UI', Roboto, 'Helvetica Neue', Arial, sans-serif; font-size: 18px;\"><ul><li><strong>Langj\u00e4hrige Erfahrung<\/strong>: Wir verf\u00fcgen \u00fcber umfassendes Know-how in der Umsetzung von Dialogmarketing-Projekten.<\/li><li><strong>Individuelle Beratung<\/strong>: Jedes Projekt ist einzigartig. Wir nehmen uns Zeit, Ihre Ziele und W\u00fcnsche zu verstehen und darauf basierende L\u00f6sungen zu entwickeln.<\/li><li><strong>Ganzheitlicher Service<\/strong>: Von der Planung \u00fcber die Umsetzung bis hin zur Erfolgskontrolle \u2013 wir begleiten Sie bei jedem Schritt.<\/li><li><strong>Kosteneffizienz<\/strong>: Mit unserer Porto- und Versandoptimierung schonen wir Ihr Budget, ohne Abstriche bei der Qualit\u00e4t zu machen.<\/li><\/ul><\/div><\/div>\t\t\t\t\t\t\t\t<\/div>\n\t\t\t\t<\/div>\n\t\t\t\t<\/div>\n\t\t\t\t\t<\/div>\n\t\t\t\t<\/div>\n\t\t<div class=\"elementor-element elementor-element-f413732 e-flex e-con-boxed e-con e-parent\" data-id=\"f413732\" data-element_type=\"container\" data-settings=\"{&quot;background_background&quot;:&quot;classic&quot;}\">\n\t\t\t\t\t<div class=\"e-con-inner\">\n\t\t\t\t<div class=\"elementor-element elementor-element-9f13751 elementor-widget-divider--view-line elementor-widget elementor-widget-divider\" data-id=\"9f13751\" data-element_type=\"widget\" data-widget_type=\"divider.default\">\n\t\t\t\t<div class=\"elementor-widget-container\">\n\t\t\t\t\t\t\t<div class=\"elementor-divider\">\n\t\t\t<span class=\"elementor-divider-separator\">\n\t\t\t\t\t\t<\/span>\n\t\t<\/div>\n\t\t\t\t\t\t<\/div>\n\t\t\t\t<\/div>\n\t\t<div class=\"elementor-element elementor-element-8a9f125 e-con-full e-flex e-con e-child\" data-id=\"8a9f125\" data-element_type=\"container\">\n\t\t\t\t<div class=\"elementor-element elementor-element-d77c4de elementor-widget elementor-widget-text-editor\" data-id=\"d77c4de\" data-element_type=\"widget\" data-widget_type=\"text-editor.default\">\n\t\t\t\t<div class=\"elementor-widget-container\">\n\t\t\t\t\t\t\t\t\t<div class=\"uk-panel uk-margin\"><h4 style=\"font-style: normal; text-decoration: none; font-family: -apple-system, BlinkMacSystemFont, 'Segoe UI', Roboto, 'Helvetica Neue', Arial, sans-serif; font-weight: bold; color: #ffffff; text-transform: uppercase; font-size: 13px; line-height: 1.4; letter-spacing: 1.8px;\"><span style=\"--uk-inverse: initial; color: #dcbd00;\">Gemeinsam zu mehr erfolg im Dialogmarketing<\/span><\/h4><div style=\"letter-spacing: normal; font-family: -apple-system, BlinkMacSystemFont, 'Segoe UI', Roboto, 'Helvetica Neue', Arial, sans-serif; font-size: 18px;\"><p>Dialogmarketing ist mehr als nur die Gestaltung und der Versand von Werbematerialien \u2013 es ist der direkte Draht zu Ihren Kunden. Mit\u00a0<strong>MWW Medien<\/strong>\u00a0haben Sie einen verl\u00e4sslichen Partner, der Ihre Kommunikation auf das n\u00e4chste Level hebt. Ob kleine Kampagnen, gro\u00df angelegte Mailingaktionen oder au\u00dfergew\u00f6hnliche Weihnachtspost, wir stehen Ihnen mit Rat und Tat zur Seite.<\/p><\/div><\/div>\t\t\t\t\t\t\t\t<\/div>\n\t\t\t\t<\/div>\n\t\t\t\t<\/div>\n\t\t\t\t\t<\/div>\n\t\t\t\t<\/div>\n\t\t<div class=\"elementor-element elementor-element-879a513 e-flex e-con-boxed e-con e-parent\" data-id=\"879a513\" data-element_type=\"container\" data-settings=\"{&quot;background_background&quot;:&quot;classic&quot;}\">\n\t\t\t\t\t<div class=\"e-con-inner\">\n\t\t<div class=\"elementor-element elementor-element-1f5bf0b e-con-full e-flex e-con e-child\" data-id=\"1f5bf0b\" data-element_type=\"container\">\n\t\t\t\t<div class=\"elementor-element elementor-element-189dd6a elementor-widget elementor-widget-heading\" data-id=\"189dd6a\" data-element_type=\"widget\" data-widget_type=\"heading.default\">\n\t\t\t\t<div class=\"elementor-widget-container\">\n\t\t\t\t\t<h2 class=\"elementor-heading-title elementor-size-default\">Kontaktieren Sie uns<\/h2>\t\t\t\t<\/div>\n\t\t\t\t<\/div>\n\t\t\t\t<div class=\"elementor-element elementor-element-a4ddb31 elementor-widget elementor-widget-text-editor\" data-id=\"a4ddb31\" data-element_type=\"widget\" data-widget_type=\"text-editor.default\">\n\t\t\t\t<div class=\"elementor-widget-container\">\n\t\t\t\t\t\t\t\t\t<div class=\"uk-panel uk-margin\"><div><p>Kontaktieren Sie uns noch heute f\u00fcr eine unverbindliche Beratung und entdecken Sie, wie wir Ihre Kommunikation effizient und zielgerichtet gestalten k\u00f6nnen.<\/p><\/div><p><a href=\"mailto:info@mww-medien.de\">info@mww-medien.de<\/a> | <a href=\"tel:+49405549690\">+49 (0) 40 55 49 69 0<\/a><\/p><p><strong>MWW Medien \u2013 <b>Wir bringen Ihre Botschaft direkt zu Ihren Kunden.<\/b><\/strong><\/p><\/div>\t\t\t\t\t\t\t\t<\/div>\n\t\t\t\t<\/div>\n\t\t\t\t<\/div>\n\t\t\t\t\t<\/div>\n\t\t\t\t<\/div>\n\t\t\t\t<\/div>\n\t\t","protected":false},"excerpt":{"rendered":"<p>MWW Medien: Ihr Partner f\u00fcr erfolgreiches Dialogmarketing Im heutigen, zunehmend digitalen Zeitalter ist es wichtiger denn je, potenzielle Kunden direkt [&hellip;]<\/p>\n","protected":false},"author":1,"featured_media":0,"parent":0,"menu_order":0,"comment_status":"closed","ping_status":"closed","template":"","meta":{"site-sidebar-layout":"no-sidebar","site-content-layout":"","ast-site-content-layout":"full-width-container","site-content-style":"default","site-sidebar-style":"default","ast-global-header-display":"","ast-banner-title-visibility":"","ast-main-header-display":"","ast-hfb-above-header-display":"","ast-hfb-below-header-display":"","ast-hfb-mobile-header-display":"","site-post-title":"disabled","ast-breadcrumbs-content":"","ast-featured-img":"disabled","footer-sml-layout":"","theme-transparent-header-meta":"","adv-header-id-meta":"","stick-header-meta":"","header-above-stick-meta":"","header-main-stick-meta":"","header-below-stick-meta":"","astra-migrate-meta-layouts":"default","ast-page-background-enabled":"default","ast-page-background-meta":{"desktop":{"background-color":"var(--ast-global-color-5)","background-image":"","background-repeat":"repeat","background-position":"center center","background-size":"auto","background-attachment":"scroll","background-type":"","background-media":"","overlay-type":"","overlay-color":"","overlay-opacity":"","overlay-gradient":""},"tablet":{"background-color":"","background-image":"","background-repeat":"repeat","background-position":"center center","background-size":"auto","background-attachment":"scroll","background-type":"","background-media":"","overlay-type":"","overlay-color":"","overlay-opacity":"","overlay-gradient":""},"mobile":{"background-color":"","background-image":"","background-repeat":"repeat","background-position":"center center","background-size":"auto","background-attachment":"scroll","background-type":"","background-media":"","overlay-type":"","overlay-color":"","overlay-opacity":"","overlay-gradient":""}},"ast-content-background-meta":{"desktop":{"background-color":"var(--ast-global-color-4)","background-image":"","background-repeat":"repeat","background-position":"center center","background-size":"auto","background-attachment":"scroll","background-type":"","background-media":"","overlay-type":"","overlay-color":"","overlay-opacity":"","overlay-gradient":""},"tablet":{"background-color":"var(--ast-global-color-4)","background-image":"","background-repeat":"repeat","background-position":"center center","background-size":"auto","background-attachment":"scroll","background-type":"","background-media":"","overlay-type":"","overlay-color":"","overlay-opacity":"","overlay-gradient":""},"mobile":{"background-color":"var(--ast-global-color-4)","background-image":"","background-repeat":"repeat","background-position":"center center","background-size":"auto","background-attachment":"scroll","background-type":"","background-media":"","overlay-type":"","overlay-color":"","overlay-opacity":"","overlay-gradient":""}},"footnotes":""},"class_list":["post-520","page","type-page","status-publish","hentry"],"_links":{"self":[{"href":"https:\/\/magical-cohen.5-44-109-22.plesk.page\/index.php\/wp-json\/wp\/v2\/pages\/520","targetHints":{"allow":["GET"]}}],"collection":[{"href":"https:\/\/magical-cohen.5-44-109-22.plesk.page\/index.php\/wp-json\/wp\/v2\/pages"}],"about":[{"href":"https:\/\/magical-cohen.5-44-109-22.plesk.page\/index.php\/wp-json\/wp\/v2\/types\/page"}],"author":[{"embeddable":true,"href":"https:\/\/magical-cohen.5-44-109-22.plesk.page\/index.php\/wp-json\/wp\/v2\/users\/1"}],"replies":[{"embeddable":true,"href":"https:\/\/magical-cohen.5-44-109-22.plesk.page\/index.php\/wp-json\/wp\/v2\/comments?post=520"}],"version-history":[{"count":16,"href":"https:\/\/magical-cohen.5-44-109-22.plesk.page\/index.php\/wp-json\/wp\/v2\/pages\/520\/revisions"}],"predecessor-version":[{"id":538,"href":"https:\/\/magical-cohen.5-44-109-22.plesk.page\/index.php\/wp-json\/wp\/v2\/pages\/520\/revisions\/538"}],"wp:attachment":[{"href":"https:\/\/magical-cohen.5-44-109-22.plesk.page\/index.php\/wp-json\/wp\/v2\/media?parent=520"}],"curies":[{"name":"wp","href":"https:\/\/api.w.org\/{rel}","templated":true}]}}