{"id":484,"date":"2025-04-03T11:12:29","date_gmt":"2025-04-03T11:12:29","guid":{"rendered":"https:\/\/magical-cohen.5-44-109-22.plesk.page\/?page_id=484"},"modified":"2025-04-03T11:55:26","modified_gmt":"2025-04-03T11:55:26","slug":"animation-und-social-ads","status":"publish","type":"page","link":"https:\/\/magical-cohen.5-44-109-22.plesk.page\/index.php\/animation-und-social-ads\/","title":{"rendered":"Animation und Social Ads"},"content":{"rendered":"\t\t<div data-elementor-type=\"wp-page\" data-elementor-id=\"484\" class=\"elementor elementor-484\" data-elementor-post-type=\"page\">\n\t\t\t\t<div class=\"elementor-element elementor-element-a2a3702 e-con-full e-flex e-con e-parent\" data-id=\"a2a3702\" data-element_type=\"container\" data-settings=\"{&quot;background_background&quot;:&quot;classic&quot;}\">\n\t\t\t\t<\/div>\n\t\t<div class=\"elementor-element elementor-element-45f2bc7 e-flex e-con-boxed e-con e-parent\" data-id=\"45f2bc7\" data-element_type=\"container\" data-settings=\"{&quot;background_background&quot;:&quot;classic&quot;}\">\n\t\t\t\t\t<div class=\"e-con-inner\">\n\t\t<div class=\"elementor-element elementor-element-4c557ce e-con-full e-flex e-con e-child\" data-id=\"4c557ce\" data-element_type=\"container\">\n\t\t\t\t<div class=\"elementor-element elementor-element-a2cde27 elementor-widget elementor-widget-heading\" data-id=\"a2cde27\" data-element_type=\"widget\" data-widget_type=\"heading.default\">\n\t\t\t\t<div class=\"elementor-widget-container\">\n\t\t\t\t\t<h1 class=\"elementor-heading-title elementor-size-default\">Animationen und Social Ads: Kreative L\u00f6sungen von MWW Medien<\/h1>\t\t\t\t<\/div>\n\t\t\t\t<\/div>\n\t\t\t\t<div class=\"elementor-element elementor-element-20ee4f8 elementor-widget elementor-widget-text-editor\" data-id=\"20ee4f8\" data-element_type=\"widget\" data-widget_type=\"text-editor.default\">\n\t\t\t\t<div class=\"elementor-widget-container\">\n\t\t\t\t\t\t\t\t\t<div class=\"uk-panel uk-margin\"><p class=\"p1\">In einer digitalen Welt, in der visuelle Inhalte die Aufmerksamkeit der Nutzer auf sich ziehen, sind Animationen und Social Ads unverzichtbare Werkzeuge f\u00fcr erfolgreiche Marketingstrategien.\u00a0<strong>MWW Medien<\/strong>\u00a0ist Ihr verl\u00e4sslicher Partner f\u00fcr die Gestaltung von\u00a0<strong>ansprechenden Animationen<\/strong>\u00a0und\u00a0<strong>effektiven Social Ads<\/strong>\u00a0\u2013 sowohl in statischer als auch animierter Form.<\/p><\/div>\t\t\t\t\t\t\t\t<\/div>\n\t\t\t\t<\/div>\n\t\t\t\t<\/div>\n\t\t<div class=\"elementor-element elementor-element-5889bbb e-con-full e-flex e-con e-child\" data-id=\"5889bbb\" data-element_type=\"container\">\n\t\t\t\t<div class=\"elementor-element elementor-element-14a5169 elementor-widget elementor-widget-video\" data-id=\"14a5169\" data-element_type=\"widget\" data-settings=\"{&quot;video_type&quot;:&quot;hosted&quot;,&quot;start&quot;:1,&quot;autoplay&quot;:&quot;yes&quot;,&quot;loop&quot;:&quot;yes&quot;}\" data-widget_type=\"video.default\">\n\t\t\t\t<div class=\"elementor-widget-container\">\n\t\t\t\t\t\t\t<div class=\"e-hosted-video elementor-wrapper elementor-open-inline\">\n\t\t\t\t\t<video class=\"elementor-video\" src=\"https:\/\/magical-cohen.5-44-109-22.plesk.page\/wp-content\/uploads\/2025\/04\/GJ_SocialAd_Barbara.mp4#t=1\" autoplay=\"\" loop=\"\" controlsList=\"nodownload\"><\/video>\n\t\t\t\t<\/div>\n\t\t\t\t\t\t<\/div>\n\t\t\t\t<\/div>\n\t\t\t\t<\/div>\n\t\t\t\t\t<\/div>\n\t\t\t\t<\/div>\n\t\t<div class=\"elementor-element elementor-element-ae8bf84 e-flex e-con-boxed e-con e-parent\" data-id=\"ae8bf84\" data-element_type=\"container\" data-settings=\"{&quot;background_background&quot;:&quot;classic&quot;}\">\n\t\t\t\t\t<div class=\"e-con-inner\">\n\t\t\t\t<div class=\"elementor-element elementor-element-dcb73f6 elementor-widget-divider--view-line elementor-widget elementor-widget-divider\" data-id=\"dcb73f6\" data-element_type=\"widget\" data-widget_type=\"divider.default\">\n\t\t\t\t<div class=\"elementor-widget-container\">\n\t\t\t\t\t\t\t<div class=\"elementor-divider\">\n\t\t\t<span class=\"elementor-divider-separator\">\n\t\t\t\t\t\t<\/span>\n\t\t<\/div>\n\t\t\t\t\t\t<\/div>\n\t\t\t\t<\/div>\n\t\t<div class=\"elementor-element elementor-element-a75ca77 e-con-full e-flex e-con e-child\" data-id=\"a75ca77\" data-element_type=\"container\">\n\t\t\t\t<div class=\"elementor-element elementor-element-d9a387f elementor-widget elementor-widget-text-editor\" data-id=\"d9a387f\" data-element_type=\"widget\" data-widget_type=\"text-editor.default\">\n\t\t\t\t<div class=\"elementor-widget-container\">\n\t\t\t\t\t\t\t\t\t<div class=\"uk-panel uk-margin\"><h4 style=\"font-style: normal; text-decoration: none; font-family: -apple-system, BlinkMacSystemFont, 'Segoe UI', Roboto, 'Helvetica Neue', Arial, sans-serif; font-weight: bold; color: #ffffff; text-transform: uppercase; font-size: 13px; line-height: 1.4; letter-spacing: 1.8px;\"><span style=\"--uk-inverse: initial; color: #dcbd00;\">Warum Animationen und social Ads?<\/span><\/h4><div style=\"letter-spacing: normal; font-family: -apple-system, BlinkMacSystemFont, 'Segoe UI', Roboto, 'Helvetica Neue', Arial, sans-serif; font-size: 18px;\"><p>Animationen und Social Ads steigern nicht nur die Sichtbarkeit Ihrer Marke, sondern helfen auch dabei, komplexe Botschaften auf kreative und einpr\u00e4gsame Weise zu vermitteln. Ob f\u00fcr Instagram, Facebook, LinkedIn oder andere Plattformen \u2013 animierte und visuell ansprechende Inhalte sorgen daf\u00fcr, dass Ihre Zielgruppe h\u00e4ngen bleibt und interagiert<\/p><\/div><\/div>\t\t\t\t\t\t\t\t<\/div>\n\t\t\t\t<\/div>\n\t\t\t\t<\/div>\n\t\t\t\t\t<\/div>\n\t\t\t\t<\/div>\n\t\t<div class=\"elementor-element elementor-element-ebc1f66 e-flex e-con-boxed e-con e-parent\" data-id=\"ebc1f66\" data-element_type=\"container\" data-settings=\"{&quot;background_background&quot;:&quot;classic&quot;}\">\n\t\t\t\t\t<div class=\"e-con-inner\">\n\t\t\t\t<div class=\"elementor-element elementor-element-69c95fe elementor-widget-divider--view-line elementor-widget elementor-widget-divider\" data-id=\"69c95fe\" data-element_type=\"widget\" data-widget_type=\"divider.default\">\n\t\t\t\t<div class=\"elementor-widget-container\">\n\t\t\t\t\t\t\t<div class=\"elementor-divider\">\n\t\t\t<span class=\"elementor-divider-separator\">\n\t\t\t\t\t\t<\/span>\n\t\t<\/div>\n\t\t\t\t\t\t<\/div>\n\t\t\t\t<\/div>\n\t\t<div class=\"elementor-element elementor-element-e516b1a e-con-full e-flex e-con e-child\" data-id=\"e516b1a\" data-element_type=\"container\">\n\t\t\t\t<div class=\"elementor-element elementor-element-8edbd6e elementor-widget elementor-widget-text-editor\" data-id=\"8edbd6e\" data-element_type=\"widget\" data-widget_type=\"text-editor.default\">\n\t\t\t\t<div class=\"elementor-widget-container\">\n\t\t\t\t\t\t\t\t\t<div class=\"uk-panel uk-margin\"><h4 style=\"font-style: normal; text-decoration: none; font-family: -apple-system, BlinkMacSystemFont, 'Segoe UI', Roboto, 'Helvetica Neue', Arial, sans-serif; font-weight: bold; color: #ffffff; text-transform: uppercase; font-size: 13px; line-height: 1.4; letter-spacing: 1.8px;\"><span style=\"--uk-inverse: initial; color: #dcbd00;\">Unsere Leistungen im \u00dcberblick<\/span><\/h4><div style=\"letter-spacing: normal; font-family: -apple-system, BlinkMacSystemFont, 'Segoe UI', Roboto, 'Helvetica Neue', Arial, sans-serif; font-size: 18px;\"><p><strong>1. Gestaltung von Animationen<\/strong><\/p><ul><li><strong>Individuelles Design<\/strong>: Jede Animation wird speziell auf Ihre Marke und Ihre Zielgruppe zugeschnitten.<\/li><li><strong>Erkl\u00e4rvideos<\/strong>: Bringen Sie komplexe Themen auf den Punkt mit klaren, verst\u00e4ndlichen Animationen.<\/li><li><strong>Produktanimationen<\/strong>: Pr\u00e4sentieren Sie Ihre Produkte oder Dienstleistungen lebendig und innovativ.<\/li><li><strong>Logobewegung (Logo Motion)<\/strong>: Lassen Sie Ihr Logo durch dynamische Animationen erstrahlen.<\/li><\/ul><p><strong>2. Erstellung von Social Ads<\/strong><\/p><ul><li><strong>Statische Anzeigen<\/strong>: Attraktive Designs, die Ihre Botschaft auf den Punkt bringen.<\/li><li><strong>Animierte Anzeigen<\/strong>: Fesselnde Animationen, die Ihre Zielgruppe in den Bann ziehen.<\/li><li><strong>Plattformoptimierung<\/strong>: Wir gestalten Ads, die perfekt auf die Anforderungen von Instagram, Facebook, TikTok und anderen Plattformen abgestimmt sind.<\/li><li><strong>Conversion-Optimierung<\/strong>: Unsere Social Ads sind darauf ausgerichtet, Ihre Reichweite zu maximieren und Ihre Ziele zu erreichen \u2013 sei es die Steigerung von Verk\u00e4ufen, Klicks oder Markenbekanntheit.<\/li><\/ul><\/div><\/div>\t\t\t\t\t\t\t\t<\/div>\n\t\t\t\t<\/div>\n\t\t\t\t<\/div>\n\t\t\t\t\t<\/div>\n\t\t\t\t<\/div>\n\t\t<div class=\"elementor-element elementor-element-2e732a5 e-flex e-con-boxed e-con e-parent\" data-id=\"2e732a5\" data-element_type=\"container\" data-settings=\"{&quot;background_background&quot;:&quot;classic&quot;}\">\n\t\t\t\t\t<div class=\"e-con-inner\">\n\t\t\t\t<div class=\"elementor-element elementor-element-d222676 elementor-widget-divider--view-line elementor-widget elementor-widget-divider\" data-id=\"d222676\" data-element_type=\"widget\" data-widget_type=\"divider.default\">\n\t\t\t\t<div class=\"elementor-widget-container\">\n\t\t\t\t\t\t\t<div class=\"elementor-divider\">\n\t\t\t<span class=\"elementor-divider-separator\">\n\t\t\t\t\t\t<\/span>\n\t\t<\/div>\n\t\t\t\t\t\t<\/div>\n\t\t\t\t<\/div>\n\t\t<div class=\"elementor-element elementor-element-3839e42 e-con-full e-flex e-con e-child\" data-id=\"3839e42\" data-element_type=\"container\">\n\t\t\t\t<div class=\"elementor-element elementor-element-6e3cc3f elementor-widget elementor-widget-text-editor\" data-id=\"6e3cc3f\" data-element_type=\"widget\" data-widget_type=\"text-editor.default\">\n\t\t\t\t<div class=\"elementor-widget-container\">\n\t\t\t\t\t\t\t\t\t<div class=\"uk-panel uk-margin\"><h4 style=\"font-style: normal; text-decoration: none; font-family: -apple-system, BlinkMacSystemFont, 'Segoe UI', Roboto, 'Helvetica Neue', Arial, sans-serif; font-weight: bold; color: #ffffff; text-transform: uppercase; font-size: 13px; line-height: 1.4; letter-spacing: 1.8px;\"><span style=\"--uk-inverse: initial; color: #dcbd00;\">Warum Mww Medien?<\/span><\/h4><div style=\"letter-spacing: normal; font-family: -apple-system, BlinkMacSystemFont, 'Segoe UI', Roboto, 'Helvetica Neue', Arial, sans-serif; font-size: 18px;\"><ul><li><strong>Kreativit\u00e4t trifft Professionalit\u00e4t<br \/><\/strong>Unser Team kombiniert kreatives Design mit technischer Expertise, um herausragende Ergebnisse zu liefern.<\/li><li><strong>Ma\u00dfgeschneiderte L\u00f6sungen<br \/><\/strong>Wir entwickeln Animationen und Social Ads, die perfekt zu Ihrer Marke passen \u2013 authentisch, \u00fcberzeugend und einzigartig.<\/li><li><strong>Ergebnisorientierter Ansatz<br \/><\/strong>Von der Konzeption bis zur Umsetzung verfolgen wir das Ziel, Ihre Botschaft auf den Punkt zu bringen und Ihre Zielgruppe zu begeistern.<\/li><li><strong>Schnelle und zuverl\u00e4ssige Abwicklung<br \/><\/strong>Bei uns stehen Qualit\u00e4t und Termintreue an erster Stelle. Wir arbeiten effizient und liefern Ergebnisse, die \u00fcberzeugen.<\/li><\/ul><\/div><\/div>\t\t\t\t\t\t\t\t<\/div>\n\t\t\t\t<\/div>\n\t\t\t\t<\/div>\n\t\t\t\t\t<\/div>\n\t\t\t\t<\/div>\n\t\t<div class=\"elementor-element elementor-element-da18358 e-flex e-con-boxed e-con e-parent\" data-id=\"da18358\" data-element_type=\"container\" data-settings=\"{&quot;background_background&quot;:&quot;classic&quot;}\">\n\t\t\t\t\t<div class=\"e-con-inner\">\n\t\t\t\t<div class=\"elementor-element elementor-element-7d6ab45 elementor-widget-divider--view-line elementor-widget elementor-widget-divider\" data-id=\"7d6ab45\" data-element_type=\"widget\" data-widget_type=\"divider.default\">\n\t\t\t\t<div class=\"elementor-widget-container\">\n\t\t\t\t\t\t\t<div class=\"elementor-divider\">\n\t\t\t<span class=\"elementor-divider-separator\">\n\t\t\t\t\t\t<\/span>\n\t\t<\/div>\n\t\t\t\t\t\t<\/div>\n\t\t\t\t<\/div>\n\t\t<div class=\"elementor-element elementor-element-e42066c e-con-full e-flex e-con e-child\" data-id=\"e42066c\" data-element_type=\"container\">\n\t\t\t\t<div class=\"elementor-element elementor-element-68d694a elementor-widget elementor-widget-text-editor\" data-id=\"68d694a\" data-element_type=\"widget\" data-widget_type=\"text-editor.default\">\n\t\t\t\t<div class=\"elementor-widget-container\">\n\t\t\t\t\t\t\t\t\t<div class=\"uk-panel uk-margin\"><h4 style=\"font-style: normal; text-decoration: none; font-family: -apple-system, BlinkMacSystemFont, 'Segoe UI', Roboto, 'Helvetica Neue', Arial, sans-serif; font-weight: bold; color: #ffffff; text-transform: uppercase; font-size: 13px; line-height: 1.4; letter-spacing: 1.8px;\"><span style=\"--uk-inverse: initial; color: #dcbd00;\">So arbeiten wir zusammen<\/span><\/h4><div style=\"letter-spacing: normal; font-family: -apple-system, BlinkMacSystemFont, 'Segoe UI', Roboto, 'Helvetica Neue', Arial, sans-serif; font-size: 18px;\"><p><strong>1. Briefing<\/strong>: In einem gemeinsamen Gespr\u00e4ch kl\u00e4ren wir Ihre Anforderungen, Ziele und W\u00fcnsche.<\/p><p><strong>2. Konzeption<\/strong>: Wir entwickeln kreative Ideen und erstellen ein ma\u00dfgeschneidertes Konzept in Form eines Storyboards.<\/p><p><strong>3. Design und Animation<\/strong>: Unsere Experten setzen Ihre Vision in die Tat um \u2013 pr\u00e4zise, hochwertig und mit Liebe zum Detail.<\/p><p><strong>4. Feedbackschleifen<\/strong>: Ihre Zufriedenheit steht im Mittelpunkt. Wir optimieren das Ergebnis, bis es perfekt ist.<\/p><p><strong>5. Finalisierung und Lieferung<\/strong>: Sie erhalten alle ben\u00f6tigten Formate, optimiert f\u00fcr Ihre Kan\u00e4le.<\/p><\/div><\/div>\t\t\t\t\t\t\t\t<\/div>\n\t\t\t\t<\/div>\n\t\t\t\t<\/div>\n\t\t\t\t\t<\/div>\n\t\t\t\t<\/div>\n\t\t<div class=\"elementor-element elementor-element-f06788f e-flex e-con-boxed e-con e-parent\" data-id=\"f06788f\" data-element_type=\"container\" data-settings=\"{&quot;background_background&quot;:&quot;classic&quot;}\">\n\t\t\t\t\t<div class=\"e-con-inner\">\n\t\t\t\t<div class=\"elementor-element elementor-element-b49bfc5 elementor-widget-divider--view-line elementor-widget elementor-widget-divider\" data-id=\"b49bfc5\" data-element_type=\"widget\" data-widget_type=\"divider.default\">\n\t\t\t\t<div class=\"elementor-widget-container\">\n\t\t\t\t\t\t\t<div class=\"elementor-divider\">\n\t\t\t<span class=\"elementor-divider-separator\">\n\t\t\t\t\t\t<\/span>\n\t\t<\/div>\n\t\t\t\t\t\t<\/div>\n\t\t\t\t<\/div>\n\t\t<div class=\"elementor-element elementor-element-445dcc9 e-con-full e-flex e-con e-child\" data-id=\"445dcc9\" data-element_type=\"container\">\n\t\t\t\t<div class=\"elementor-element elementor-element-5ffb539 elementor-widget elementor-widget-text-editor\" data-id=\"5ffb539\" data-element_type=\"widget\" data-widget_type=\"text-editor.default\">\n\t\t\t\t<div class=\"elementor-widget-container\">\n\t\t\t\t\t\t\t\t\t<div class=\"uk-panel uk-margin\"><h4 style=\"font-style: normal; text-decoration: none; font-family: -apple-system, BlinkMacSystemFont, 'Segoe UI', Roboto, 'Helvetica Neue', Arial, sans-serif; font-weight: bold; color: #ffffff; text-transform: uppercase; font-size: 13px; line-height: 1.4; letter-spacing: 1.8px;\"><span style=\"--uk-inverse: initial; color: #dcbd00;\">Erfolgreich auf social media: mit mww medien an ihrer seite<\/span><\/h4><\/div><div class=\"uk-panel uk-margin\"><div style=\"letter-spacing: normal; font-family: -apple-system, BlinkMacSystemFont, 'Segoe UI', Roboto, 'Helvetica Neue', Arial, sans-serif; font-size: 18px;\"><p><strong>Verleihen Sie Ihrer Marke einen modernen und dynamischen Look<\/strong>\u00a0und heben Sie sich von der Konkurrenz ab. Ob Sie eine einfache, pr\u00e4gnante Social Ad oder eine aufwendige Animation ben\u00f6tigen \u2013 bei\u00a0<strong>MWW Medien<\/strong>\u00a0sind Sie in den besten H\u00e4nden.<\/p><\/div><\/div>\t\t\t\t\t\t\t\t<\/div>\n\t\t\t\t<\/div>\n\t\t\t\t<\/div>\n\t\t\t\t\t<\/div>\n\t\t\t\t<\/div>\n\t\t<div class=\"elementor-element elementor-element-4a0faea e-flex e-con-boxed e-con e-parent\" data-id=\"4a0faea\" data-element_type=\"container\" data-settings=\"{&quot;background_background&quot;:&quot;classic&quot;}\">\n\t\t\t\t\t<div class=\"e-con-inner\">\n\t\t<div class=\"elementor-element elementor-element-e20b99e e-con-full e-flex e-con e-child\" data-id=\"e20b99e\" data-element_type=\"container\">\n\t\t<div class=\"elementor-element elementor-element-d37ab98 e-con-full e-flex e-con e-child\" data-id=\"d37ab98\" data-element_type=\"container\">\n\t\t\t\t<div class=\"elementor-element elementor-element-214bbac elementor-widget elementor-widget-heading\" data-id=\"214bbac\" data-element_type=\"widget\" data-widget_type=\"heading.default\">\n\t\t\t\t<div class=\"elementor-widget-container\">\n\t\t\t\t\t<h2 class=\"elementor-heading-title elementor-size-default\">Kontaktieren Sie uns<\/h2>\t\t\t\t<\/div>\n\t\t\t\t<\/div>\n\t\t\t\t<div class=\"elementor-element elementor-element-2eeb962 elementor-widget elementor-widget-text-editor\" data-id=\"2eeb962\" data-element_type=\"widget\" data-widget_type=\"text-editor.default\">\n\t\t\t\t<div class=\"elementor-widget-container\">\n\t\t\t\t\t\t\t\t\t<div class=\"uk-panel uk-margin\"><div><p>Kontaktieren Sie uns und lassen Sie uns gemeinsam Ihre Ideen in beeindruckende Animationen und wirkungsvolle Social Ads umsetzen. Wir freuen uns darauf, Ihre Visionen Realit\u00e4t werden zu lassen.<\/p><\/div><p><a href=\"mailto:info@mww-medien.de\">info@mww-medien.de<\/a> | <a href=\"tel:+49405549690\">+49 (0) 40 55 49 69 0<\/a><\/p><p><strong>MWW Medien \u2013 <b>Kreative Animationen und Social Ads f\u00fcr Ihre Marke!<\/b><\/strong><\/p><\/div>\t\t\t\t\t\t\t\t<\/div>\n\t\t\t\t<\/div>\n\t\t\t\t<\/div>\n\t\t\t\t<\/div>\n\t\t\t\t\t<\/div>\n\t\t\t\t<\/div>\n\t\t\t\t<\/div>\n\t\t","protected":false},"excerpt":{"rendered":"<p>Animationen und Social Ads: Kreative L\u00f6sungen von MWW Medien In einer digitalen Welt, in der visuelle Inhalte die Aufmerksamkeit der [&hellip;]<\/p>\n","protected":false},"author":1,"featured_media":0,"parent":0,"menu_order":0,"comment_status":"closed","ping_status":"closed","template":"","meta":{"site-sidebar-layout":"no-sidebar","site-content-layout":"","ast-site-content-layout":"full-width-container","site-content-style":"default","site-sidebar-style":"default","ast-global-header-display":"","ast-banner-title-visibility":"","ast-main-header-display":"","ast-hfb-above-header-display":"","ast-hfb-below-header-display":"","ast-hfb-mobile-header-display":"","site-post-title":"disabled","ast-breadcrumbs-content":"","ast-featured-img":"disabled","footer-sml-layout":"","theme-transparent-header-meta":"","adv-header-id-meta":"","stick-header-meta":"","header-above-stick-meta":"","header-main-stick-meta":"","header-below-stick-meta":"","astra-migrate-meta-layouts":"default","ast-page-background-enabled":"default","ast-page-background-meta":{"desktop":{"background-color":"var(--ast-global-color-5)","background-image":"","background-repeat":"repeat","background-position":"center center","background-size":"auto","background-attachment":"scroll","background-type":"","background-media":"","overlay-type":"","overlay-color":"","overlay-opacity":"","overlay-gradient":""},"tablet":{"background-color":"","background-image":"","background-repeat":"repeat","background-position":"center center","background-size":"auto","background-attachment":"scroll","background-type":"","background-media":"","overlay-type":"","overlay-color":"","overlay-opacity":"","overlay-gradient":""},"mobile":{"background-color":"","background-image":"","background-repeat":"repeat","background-position":"center center","background-size":"auto","background-attachment":"scroll","background-type":"","background-media":"","overlay-type":"","overlay-color":"","overlay-opacity":"","overlay-gradient":""}},"ast-content-background-meta":{"desktop":{"background-color":"var(--ast-global-color-4)","background-image":"","background-repeat":"repeat","background-position":"center center","background-size":"auto","background-attachment":"scroll","background-type":"","background-media":"","overlay-type":"","overlay-color":"","overlay-opacity":"","overlay-gradient":""},"tablet":{"background-color":"var(--ast-global-color-4)","background-image":"","background-repeat":"repeat","background-position":"center center","background-size":"auto","background-attachment":"scroll","background-type":"","background-media":"","overlay-type":"","overlay-color":"","overlay-opacity":"","overlay-gradient":""},"mobile":{"background-color":"var(--ast-global-color-4)","background-image":"","background-repeat":"repeat","background-position":"center center","background-size":"auto","background-attachment":"scroll","background-type":"","background-media":"","overlay-type":"","overlay-color":"","overlay-opacity":"","overlay-gradient":""}},"footnotes":""},"class_list":["post-484","page","type-page","status-publish","hentry"],"_links":{"self":[{"href":"https:\/\/magical-cohen.5-44-109-22.plesk.page\/index.php\/wp-json\/wp\/v2\/pages\/484","targetHints":{"allow":["GET"]}}],"collection":[{"href":"https:\/\/magical-cohen.5-44-109-22.plesk.page\/index.php\/wp-json\/wp\/v2\/pages"}],"about":[{"href":"https:\/\/magical-cohen.5-44-109-22.plesk.page\/index.php\/wp-json\/wp\/v2\/types\/page"}],"author":[{"embeddable":true,"href":"https:\/\/magical-cohen.5-44-109-22.plesk.page\/index.php\/wp-json\/wp\/v2\/users\/1"}],"replies":[{"embeddable":true,"href":"https:\/\/magical-cohen.5-44-109-22.plesk.page\/index.php\/wp-json\/wp\/v2\/comments?post=484"}],"version-history":[{"count":13,"href":"https:\/\/magical-cohen.5-44-109-22.plesk.page\/index.php\/wp-json\/wp\/v2\/pages\/484\/revisions"}],"predecessor-version":[{"id":542,"href":"https:\/\/magical-cohen.5-44-109-22.plesk.page\/index.php\/wp-json\/wp\/v2\/pages\/484\/revisions\/542"}],"wp:attachment":[{"href":"https:\/\/magical-cohen.5-44-109-22.plesk.page\/index.php\/wp-json\/wp\/v2\/media?parent=484"}],"curies":[{"name":"wp","href":"https:\/\/api.w.org\/{rel}","templated":true}]}}