{"id":444,"date":"2025-04-03T09:35:12","date_gmt":"2025-04-03T09:35:12","guid":{"rendered":"https:\/\/magical-cohen.5-44-109-22.plesk.page\/?page_id=444"},"modified":"2025-04-03T11:55:42","modified_gmt":"2025-04-03T11:55:42","slug":"3d-modellierung","status":"publish","type":"page","link":"https:\/\/magical-cohen.5-44-109-22.plesk.page\/index.php\/3d-modellierung\/","title":{"rendered":"3D Modellierung"},"content":{"rendered":"\t\t<div data-elementor-type=\"wp-page\" data-elementor-id=\"444\" class=\"elementor elementor-444\" data-elementor-post-type=\"page\">\n\t\t\t\t<div class=\"elementor-element elementor-element-ae638df e-con-full e-flex e-con e-parent\" data-id=\"ae638df\" data-element_type=\"container\" data-settings=\"{&quot;background_background&quot;:&quot;classic&quot;}\">\n\t\t\t\t<\/div>\n\t\t<div class=\"elementor-element elementor-element-9ed6d00 e-flex e-con-boxed e-con e-parent\" data-id=\"9ed6d00\" data-element_type=\"container\" data-settings=\"{&quot;background_background&quot;:&quot;classic&quot;}\">\n\t\t\t\t\t<div class=\"e-con-inner\">\n\t\t<div class=\"elementor-element elementor-element-344340a e-con-full e-flex e-con e-child\" data-id=\"344340a\" data-element_type=\"container\">\n\t\t\t\t<div class=\"elementor-element elementor-element-1ca5c7e elementor-widget elementor-widget-heading\" data-id=\"1ca5c7e\" data-element_type=\"widget\" data-widget_type=\"heading.default\">\n\t\t\t\t<div class=\"elementor-widget-container\">\n\t\t\t\t\t<h1 class=\"elementor-heading-title elementor-size-default\">3D-Modellierung auf h\u00f6chstem Niveau \u2013 Ihre Vision, realisiert durch MWW Medien<\/h1>\t\t\t\t<\/div>\n\t\t\t\t<\/div>\n\t\t\t\t<div class=\"elementor-element elementor-element-d8d2053 elementor-widget elementor-widget-text-editor\" data-id=\"d8d2053\" data-element_type=\"widget\" data-widget_type=\"text-editor.default\">\n\t\t\t\t<div class=\"elementor-widget-container\">\n\t\t\t\t\t\t\t\t\t<div class=\"uk-panel uk-margin\"><p class=\"p1\"><span style=\"letter-spacing: normal; font-family: -apple-system, BlinkMacSystemFont, 'Segoe UI', Roboto, 'Helvetica Neue', Arial, sans-serif; font-size: 18px;\">Willkommen bei\u00a0<\/span><span style=\"letter-spacing: normal; font-family: -apple-system, BlinkMacSystemFont, 'Segoe UI', Roboto, 'Helvetica Neue', Arial, sans-serif; font-size: 18px;\">MWW Medien<\/span><span style=\"letter-spacing: normal; font-family: -apple-system, BlinkMacSystemFont, 'Segoe UI', Roboto, 'Helvetica Neue', Arial, sans-serif; font-size: 18px;\">, Ihrem zuverl\u00e4ssigen Partner im Bereich der 3D-Modellierung! Unsere Expertise liegt in der Erstellung beeindruckender, detailgetreuer und ma\u00dfgeschneiderter 3D-Modelle, die Ihren Projekten eine neue Dimension verleihen. Ob es sich um statische Darstellungen, animierte Inhalte oder pr\u00e4zise Visualisierungen handelt \u2013 wir bringen Ihre Ideen in die digitale Realit\u00e4t.<\/span><\/p><\/div>\t\t\t\t\t\t\t\t<\/div>\n\t\t\t\t<\/div>\n\t\t\t\t<\/div>\n\t\t<div class=\"elementor-element elementor-element-4ba9b84 e-con-full e-flex e-con e-child\" data-id=\"4ba9b84\" data-element_type=\"container\">\n\t\t\t\t<div class=\"elementor-element elementor-element-d12e7bd elementor-widget elementor-widget-video\" data-id=\"d12e7bd\" data-element_type=\"widget\" data-settings=\"{&quot;video_type&quot;:&quot;hosted&quot;,&quot;start&quot;:1,&quot;autoplay&quot;:&quot;yes&quot;,&quot;loop&quot;:&quot;yes&quot;}\" data-widget_type=\"video.default\">\n\t\t\t\t<div class=\"elementor-widget-container\">\n\t\t\t\t\t\t\t<div class=\"e-hosted-video elementor-wrapper elementor-open-inline\">\n\t\t\t\t\t<video class=\"elementor-video\" src=\"https:\/\/magical-cohen.5-44-109-22.plesk.page\/wp-content\/uploads\/2025\/04\/Animation_3D-Elefant.mp4#t=1\" autoplay=\"\" loop=\"\" controlsList=\"nodownload\"><\/video>\n\t\t\t\t<\/div>\n\t\t\t\t\t\t<\/div>\n\t\t\t\t<\/div>\n\t\t\t\t<\/div>\n\t\t\t\t\t<\/div>\n\t\t\t\t<\/div>\n\t\t<div class=\"elementor-element elementor-element-3b3c78b e-flex e-con-boxed e-con e-parent\" data-id=\"3b3c78b\" data-element_type=\"container\" data-settings=\"{&quot;background_background&quot;:&quot;classic&quot;}\">\n\t\t\t\t\t<div class=\"e-con-inner\">\n\t\t\t\t<div class=\"elementor-element elementor-element-2a4cd76 elementor-widget-divider--view-line elementor-widget elementor-widget-divider\" data-id=\"2a4cd76\" data-element_type=\"widget\" data-widget_type=\"divider.default\">\n\t\t\t\t<div class=\"elementor-widget-container\">\n\t\t\t\t\t\t\t<div class=\"elementor-divider\">\n\t\t\t<span class=\"elementor-divider-separator\">\n\t\t\t\t\t\t<\/span>\n\t\t<\/div>\n\t\t\t\t\t\t<\/div>\n\t\t\t\t<\/div>\n\t\t<div class=\"elementor-element elementor-element-791a81a e-con-full e-flex e-con e-child\" data-id=\"791a81a\" data-element_type=\"container\">\n\t\t\t\t<div class=\"elementor-element elementor-element-8af9c8d elementor-widget elementor-widget-text-editor\" data-id=\"8af9c8d\" data-element_type=\"widget\" data-widget_type=\"text-editor.default\">\n\t\t\t\t<div class=\"elementor-widget-container\">\n\t\t\t\t\t\t\t\t\t<div class=\"uk-panel uk-margin\"><h4 style=\"font-style: normal; text-decoration: none; font-family: -apple-system, BlinkMacSystemFont, 'Segoe UI', Roboto, 'Helvetica Neue', Arial, sans-serif; font-weight: bold; color: #ffffff; text-transform: uppercase; font-size: 13px; line-height: 1.4; letter-spacing: 1.8px;\"><span style=\"--uk-inverse: initial; color: #dcbd00;\">UNSERE 3D-DIENSTLEISTUNGEN IM \u00dcBERBLICK<\/span><\/h4><div style=\"letter-spacing: normal; font-family: -apple-system, BlinkMacSystemFont, 'Segoe UI', Roboto, 'Helvetica Neue', Arial, sans-serif; font-size: 18px;\"><p><strong>1. 3D-Erstellung \u2013 von der Idee zum Modell<\/strong><\/p><p>Wir verwandeln Ihre Konzepte<span style=\"--uk-inverse: initial;\">\u00a0oder<\/span>\u00a0Skizzen in realistische 3D-Modelle. Dabei achten wir auf Pr\u00e4zision, \u00c4sthetik und die optimale Anpassung an Ihre Anforderungen.<\/p><p style=\"--uk-inverse: initial; margin-top: 20px; margin-bottom: 20px;\"><strong><span style=\"--uk-inverse: initial;\">2. Morphing und Texturing \u2013 Individualit\u00e4t in jedem Detail<\/span><\/strong><\/p><p style=\"--uk-inverse: initial; margin-top: 20px; margin-bottom: 20px;\">Durch modernste Morphing-Techniken und pr\u00e4zises Texturing verleihen wir Ihren Modellen unvergleichliche Charakteristika. Materialien, Oberfl\u00e4chen und Strukturen werden so realistisch gestaltet, dass Ihre Vision lebendig wirkt.<\/p><p style=\"--uk-inverse: initial; margin-top: 20px; margin-bottom: 20px;\"><strong><span style=\"--uk-inverse: initial;\">3. Rendering \u2013 Faszinierende Visualisierungen<\/span><\/strong><\/p><p style=\"--uk-inverse: initial; margin-top: 20px; margin-bottom: 20px;\">Unser Team erstellt fotorealistische Renderings, die Ihre Projekte im besten Licht pr\u00e4sentieren. Mit einer perfekten Balance aus Beleuchtung, Perspektive und Farbdynamik entstehen hochwertige Bilder, die Emotionen wecken und \u00fcberzeugen.<\/p><p style=\"--uk-inverse: initial; margin-top: 20px; margin-bottom: 20px;\"><strong><span style=\"--uk-inverse: initial;\">4.Statische und animierte Modelle \u2013 F\u00fcr jeden Einsatzbereich<\/span><\/strong><\/p><p style=\"--uk-inverse: initial; margin-top: 20px; margin-bottom: 20px;\">Ob Sie eine statische Darstellung oder eine animierte Sequenz ben\u00f6tigen \u2013 wir liefern ma\u00dfgeschneiderte L\u00f6sungen.<\/p><\/div><\/div>\t\t\t\t\t\t\t\t<\/div>\n\t\t\t\t<\/div>\n\t\t\t\t<\/div>\n\t\t\t\t\t<\/div>\n\t\t\t\t<\/div>\n\t\t<div class=\"elementor-element elementor-element-d4e9946 e-flex e-con-boxed e-con e-parent\" data-id=\"d4e9946\" data-element_type=\"container\" data-settings=\"{&quot;background_background&quot;:&quot;classic&quot;}\">\n\t\t\t\t\t<div class=\"e-con-inner\">\n\t\t\t\t<div class=\"elementor-element elementor-element-c400b5d elementor-widget-divider--view-line elementor-widget elementor-widget-divider\" data-id=\"c400b5d\" data-element_type=\"widget\" data-widget_type=\"divider.default\">\n\t\t\t\t<div class=\"elementor-widget-container\">\n\t\t\t\t\t\t\t<div class=\"elementor-divider\">\n\t\t\t<span class=\"elementor-divider-separator\">\n\t\t\t\t\t\t<\/span>\n\t\t<\/div>\n\t\t\t\t\t\t<\/div>\n\t\t\t\t<\/div>\n\t\t<div class=\"elementor-element elementor-element-42e0997 e-con-full e-flex e-con e-child\" data-id=\"42e0997\" data-element_type=\"container\">\n\t\t\t\t<div class=\"elementor-element elementor-element-c6eac54 elementor-widget elementor-widget-text-editor\" data-id=\"c6eac54\" data-element_type=\"widget\" data-widget_type=\"text-editor.default\">\n\t\t\t\t<div class=\"elementor-widget-container\">\n\t\t\t\t\t\t\t\t\t<div class=\"uk-panel uk-margin\"><h4 style=\"font-style: normal; text-decoration: none; font-family: -apple-system, BlinkMacSystemFont, 'Segoe UI', Roboto, 'Helvetica Neue', Arial, sans-serif; font-weight: bold; color: #ffffff; text-transform: uppercase; font-size: 13px; line-height: 1.4; letter-spacing: 1.8px;\"><span style=\"--uk-inverse: initial; color: #dcbd00;\">Warum Mww Medien?<\/span><\/h4><div style=\"letter-spacing: normal; font-family: -apple-system, BlinkMacSystemFont, 'Segoe UI', Roboto, 'Helvetica Neue', Arial, sans-serif; font-size: 18px;\"><ul><li><strong>Erfahrung und Fachwissen:<\/strong>\u00a0Unser Team besteht aus Experten, die \u00fcber umfangreiche Erfahrung in der 3D-Modellierung verf\u00fcgen.<\/li><li><strong>Individuelle L\u00f6sungen:<\/strong>\u00a0Jedes Projekt wird individuell betreut, um Ihre W\u00fcnsche und Ziele zu \u00fcbertreffen.<\/li><li><strong>Modernste Technologie:<\/strong>\u00a0Wir setzen auf die neuesten Tools und Techniken, um Qualit\u00e4t und Effizienz sicherzustellen.<\/li><li><strong>Kreativit\u00e4t und Pr\u00e4zision:<\/strong>\u00a0Wir verbinden k\u00fcnstlerische Kreativit\u00e4t mit technischer Pr\u00e4zision, um Ergebnisse zu liefern, die begeistern<\/li><\/ul><\/div><\/div>\t\t\t\t\t\t\t\t<\/div>\n\t\t\t\t<\/div>\n\t\t\t\t<\/div>\n\t\t\t\t\t<\/div>\n\t\t\t\t<\/div>\n\t\t<div class=\"elementor-element elementor-element-552a399 e-flex e-con-boxed e-con e-parent\" data-id=\"552a399\" data-element_type=\"container\" data-settings=\"{&quot;background_background&quot;:&quot;classic&quot;}\">\n\t\t\t\t\t<div class=\"e-con-inner\">\n\t\t\t\t<div class=\"elementor-element elementor-element-40294d8 elementor-widget-divider--view-line elementor-widget elementor-widget-divider\" data-id=\"40294d8\" data-element_type=\"widget\" data-widget_type=\"divider.default\">\n\t\t\t\t<div class=\"elementor-widget-container\">\n\t\t\t\t\t\t\t<div class=\"elementor-divider\">\n\t\t\t<span class=\"elementor-divider-separator\">\n\t\t\t\t\t\t<\/span>\n\t\t<\/div>\n\t\t\t\t\t\t<\/div>\n\t\t\t\t<\/div>\n\t\t<div class=\"elementor-element elementor-element-97c749e e-con-full e-flex e-con e-child\" data-id=\"97c749e\" data-element_type=\"container\">\n\t\t\t\t<div class=\"elementor-element elementor-element-22b5a32 elementor-widget elementor-widget-text-editor\" data-id=\"22b5a32\" data-element_type=\"widget\" data-widget_type=\"text-editor.default\">\n\t\t\t\t<div class=\"elementor-widget-container\">\n\t\t\t\t\t\t\t\t\t<div class=\"uk-panel uk-margin\"><h4 style=\"font-style: normal; text-decoration: none; font-family: -apple-system, BlinkMacSystemFont, 'Segoe UI', Roboto, 'Helvetica Neue', Arial, sans-serif; font-weight: bold; color: #ffffff; text-transform: uppercase; font-size: 13px; line-height: 1.4; letter-spacing: 1.8px;\"><span style=\"--uk-inverse: initial; color: #dcbd00;\">Anwendungsbereiche unserer 3D-Modelle<\/span><\/h4><div style=\"letter-spacing: normal; font-family: -apple-system, BlinkMacSystemFont, 'Segoe UI', Roboto, 'Helvetica Neue', Arial, sans-serif; font-size: 18px;\"><ul><li><strong>Produktdesign:<\/strong> Prototypen, technische Modelle und Werbematerialien.<\/li><li><strong>Marketing und Werbung:<\/strong> Interaktive Inhalte, Pr\u00e4sentationen und visuelle Kampagnen.<\/li><\/ul><\/div><\/div>\t\t\t\t\t\t\t\t<\/div>\n\t\t\t\t<\/div>\n\t\t\t\t<\/div>\n\t\t\t\t\t<\/div>\n\t\t\t\t<\/div>\n\t\t<div class=\"elementor-element elementor-element-b7d00a3 e-flex e-con-boxed e-con e-parent\" data-id=\"b7d00a3\" data-element_type=\"container\" data-settings=\"{&quot;background_background&quot;:&quot;classic&quot;}\">\n\t\t\t\t\t<div class=\"e-con-inner\">\n\t\t\t\t<div class=\"elementor-element elementor-element-a389c93 elementor-widget-divider--view-line elementor-widget elementor-widget-divider\" data-id=\"a389c93\" data-element_type=\"widget\" data-widget_type=\"divider.default\">\n\t\t\t\t<div class=\"elementor-widget-container\">\n\t\t\t\t\t\t\t<div class=\"elementor-divider\">\n\t\t\t<span class=\"elementor-divider-separator\">\n\t\t\t\t\t\t<\/span>\n\t\t<\/div>\n\t\t\t\t\t\t<\/div>\n\t\t\t\t<\/div>\n\t\t<div class=\"elementor-element elementor-element-a253089 e-con-full e-flex e-con e-child\" data-id=\"a253089\" data-element_type=\"container\">\n\t\t\t\t<div class=\"elementor-element elementor-element-245b602 elementor-widget elementor-widget-text-editor\" data-id=\"245b602\" data-element_type=\"widget\" data-widget_type=\"text-editor.default\">\n\t\t\t\t<div class=\"elementor-widget-container\">\n\t\t\t\t\t\t\t\t\t<div class=\"uk-panel uk-margin\"><h4 style=\"font-style: normal; text-decoration: none; font-family: -apple-system, BlinkMacSystemFont, 'Segoe UI', Roboto, 'Helvetica Neue', Arial, sans-serif; font-weight: bold; color: #ffffff; text-transform: uppercase; font-size: 13px; line-height: 1.4; letter-spacing: 1.8px;\"><span style=\"--uk-inverse: initial; color: #dcbd00;\">Ihre Vision ist unser Antrieb<\/span><\/h4><div style=\"letter-spacing: normal; font-family: -apple-system, BlinkMacSystemFont, 'Segoe UI', Roboto, 'Helvetica Neue', Arial, sans-serif; font-size: 18px;\"><p>Unser Ziel ist es, Ihre Vorstellungen in erstklassige 3D-Modelle umzuwandeln. Lassen Sie sich von unserer Leidenschaft f\u00fcr Innovation und Detailgenauigkeit inspirieren und profitieren Sie von unserem Engagement f\u00fcr herausragende Ergebnisse.<\/p><\/div><\/div>\t\t\t\t\t\t\t\t<\/div>\n\t\t\t\t<\/div>\n\t\t\t\t<\/div>\n\t\t\t\t\t<\/div>\n\t\t\t\t<\/div>\n\t\t<div class=\"elementor-element elementor-element-7e3c766 e-flex e-con-boxed e-con e-parent\" data-id=\"7e3c766\" data-element_type=\"container\" data-settings=\"{&quot;background_background&quot;:&quot;classic&quot;}\">\n\t\t\t\t\t<div class=\"e-con-inner\">\n\t\t<div class=\"elementor-element elementor-element-dc18a2c e-con-full e-flex e-con e-child\" data-id=\"dc18a2c\" data-element_type=\"container\">\n\t\t<div class=\"elementor-element elementor-element-a66a9b5 e-con-full e-flex e-con e-child\" data-id=\"a66a9b5\" data-element_type=\"container\">\n\t\t\t\t<div class=\"elementor-element elementor-element-9e1c796 elementor-widget elementor-widget-heading\" data-id=\"9e1c796\" data-element_type=\"widget\" data-widget_type=\"heading.default\">\n\t\t\t\t<div class=\"elementor-widget-container\">\n\t\t\t\t\t<h2 class=\"elementor-heading-title elementor-size-default\">Kontaktieren Sie uns<\/h2>\t\t\t\t<\/div>\n\t\t\t\t<\/div>\n\t\t\t\t<div class=\"elementor-element elementor-element-9ae42cc elementor-widget elementor-widget-text-editor\" data-id=\"9ae42cc\" data-element_type=\"widget\" data-widget_type=\"text-editor.default\">\n\t\t\t\t<div class=\"elementor-widget-container\">\n\t\t\t\t\t\t\t\t\t<div class=\"uk-panel uk-margin\"><div><p>Erfahren Sie mehr \u00fcber unsere 3D-Dienstleistungen und wie wir Ihre Projekte zum Leben erwecken k\u00f6nnen. Wir freuen uns darauf, Ihre Vision zu verwirklichen.<\/p><\/div><p><a href=\"mailto:info@mww-medien.de\">info@mww-medien.de<\/a> | <a href=\"tel:+49405549690\">+49 (0) 40 55 49 69 0<\/a><\/p><p><strong>MWW Medien \u2013\u00a0<\/strong><b>Wo Ideen Form annehmen.<\/b><\/p><\/div>\t\t\t\t\t\t\t\t<\/div>\n\t\t\t\t<\/div>\n\t\t\t\t<\/div>\n\t\t\t\t<\/div>\n\t\t\t\t\t<\/div>\n\t\t\t\t<\/div>\n\t\t\t\t<\/div>\n\t\t","protected":false},"excerpt":{"rendered":"<p>3D-Modellierung auf h\u00f6chstem Niveau \u2013 Ihre Vision, realisiert durch MWW Medien Willkommen bei\u00a0MWW Medien, Ihrem zuverl\u00e4ssigen Partner im Bereich der [&hellip;]<\/p>\n","protected":false},"author":1,"featured_media":0,"parent":0,"menu_order":0,"comment_status":"closed","ping_status":"closed","template":"","meta":{"site-sidebar-layout":"no-sidebar","site-content-layout":"","ast-site-content-layout":"full-width-container","site-content-style":"default","site-sidebar-style":"default","ast-global-header-display":"","ast-banner-title-visibility":"","ast-main-header-display":"","ast-hfb-above-header-display":"","ast-hfb-below-header-display":"","ast-hfb-mobile-header-display":"","site-post-title":"disabled","ast-breadcrumbs-content":"","ast-featured-img":"disabled","footer-sml-layout":"","theme-transparent-header-meta":"","adv-header-id-meta":"","stick-header-meta":"","header-above-stick-meta":"","header-main-stick-meta":"","header-below-stick-meta":"","astra-migrate-meta-layouts":"default","ast-page-background-enabled":"default","ast-page-background-meta":{"desktop":{"background-color":"var(--ast-global-color-5)","background-image":"","background-repeat":"repeat","background-position":"center center","background-size":"auto","background-attachment":"scroll","background-type":"","background-media":"","overlay-type":"","overlay-color":"","overlay-opacity":"","overlay-gradient":""},"tablet":{"background-color":"","background-image":"","background-repeat":"repeat","background-position":"center center","background-size":"auto","background-attachment":"scroll","background-type":"","background-media":"","overlay-type":"","overlay-color":"","overlay-opacity":"","overlay-gradient":""},"mobile":{"background-color":"","background-image":"","background-repeat":"repeat","background-position":"center center","background-size":"auto","background-attachment":"scroll","background-type":"","background-media":"","overlay-type":"","overlay-color":"","overlay-opacity":"","overlay-gradient":""}},"ast-content-background-meta":{"desktop":{"background-color":"var(--ast-global-color-4)","background-image":"","background-repeat":"repeat","background-position":"center center","background-size":"auto","background-attachment":"scroll","background-type":"","background-media":"","overlay-type":"","overlay-color":"","overlay-opacity":"","overlay-gradient":""},"tablet":{"background-color":"var(--ast-global-color-4)","background-image":"","background-repeat":"repeat","background-position":"center center","background-size":"auto","background-attachment":"scroll","background-type":"","background-media":"","overlay-type":"","overlay-color":"","overlay-opacity":"","overlay-gradient":""},"mobile":{"background-color":"var(--ast-global-color-4)","background-image":"","background-repeat":"repeat","background-position":"center center","background-size":"auto","background-attachment":"scroll","background-type":"","background-media":"","overlay-type":"","overlay-color":"","overlay-opacity":"","overlay-gradient":""}},"footnotes":""},"class_list":["post-444","page","type-page","status-publish","hentry"],"_links":{"self":[{"href":"https:\/\/magical-cohen.5-44-109-22.plesk.page\/index.php\/wp-json\/wp\/v2\/pages\/444","targetHints":{"allow":["GET"]}}],"collection":[{"href":"https:\/\/magical-cohen.5-44-109-22.plesk.page\/index.php\/wp-json\/wp\/v2\/pages"}],"about":[{"href":"https:\/\/magical-cohen.5-44-109-22.plesk.page\/index.php\/wp-json\/wp\/v2\/types\/page"}],"author":[{"embeddable":true,"href":"https:\/\/magical-cohen.5-44-109-22.plesk.page\/index.php\/wp-json\/wp\/v2\/users\/1"}],"replies":[{"embeddable":true,"href":"https:\/\/magical-cohen.5-44-109-22.plesk.page\/index.php\/wp-json\/wp\/v2\/comments?post=444"}],"version-history":[{"count":40,"href":"https:\/\/magical-cohen.5-44-109-22.plesk.page\/index.php\/wp-json\/wp\/v2\/pages\/444\/revisions"}],"predecessor-version":[{"id":545,"href":"https:\/\/magical-cohen.5-44-109-22.plesk.page\/index.php\/wp-json\/wp\/v2\/pages\/444\/revisions\/545"}],"wp:attachment":[{"href":"https:\/\/magical-cohen.5-44-109-22.plesk.page\/index.php\/wp-json\/wp\/v2\/media?parent=444"}],"curies":[{"name":"wp","href":"https:\/\/api.w.org\/{rel}","templated":true}]}}