{"id":406,"date":"2025-04-03T08:29:19","date_gmt":"2025-04-03T08:29:19","guid":{"rendered":"https:\/\/magical-cohen.5-44-109-22.plesk.page\/?page_id=406"},"modified":"2025-04-03T08:40:21","modified_gmt":"2025-04-03T08:40:21","slug":"druck-verarbeitung","status":"publish","type":"page","link":"https:\/\/magical-cohen.5-44-109-22.plesk.page\/index.php\/druck-verarbeitung\/","title":{"rendered":"Druck + Verarbeitung"},"content":{"rendered":"\t\t<div data-elementor-type=\"wp-page\" data-elementor-id=\"406\" class=\"elementor elementor-406\" data-elementor-post-type=\"page\">\n\t\t\t\t<div class=\"elementor-element elementor-element-b66167b e-con-full e-flex e-con e-parent\" data-id=\"b66167b\" data-element_type=\"container\" data-settings=\"{&quot;background_background&quot;:&quot;classic&quot;}\">\n\t\t\t\t<\/div>\n\t\t<div class=\"elementor-element elementor-element-615e77e e-flex e-con-boxed e-con e-parent\" data-id=\"615e77e\" data-element_type=\"container\" data-settings=\"{&quot;background_background&quot;:&quot;classic&quot;}\">\n\t\t\t\t\t<div class=\"e-con-inner\">\n\t\t<div class=\"elementor-element elementor-element-09aab1c e-con-full e-flex e-con e-child\" data-id=\"09aab1c\" data-element_type=\"container\">\n\t\t\t\t<div class=\"elementor-element elementor-element-3c10c93 elementor-widget elementor-widget-image\" data-id=\"3c10c93\" data-element_type=\"widget\" data-widget_type=\"image.default\">\n\t\t\t\t<div class=\"elementor-widget-container\">\n\t\t\t\t\t\t\t\t\t\t\t\t\t\t\t<img fetchpriority=\"high\" decoding=\"async\" width=\"552\" height=\"338\" src=\"https:\/\/magical-cohen.5-44-109-22.plesk.page\/wp-content\/uploads\/2025\/04\/Textbloecke_Druck_01.png\" class=\"attachment-large size-large wp-image-412\" alt=\"\" srcset=\"https:\/\/magical-cohen.5-44-109-22.plesk.page\/wp-content\/uploads\/2025\/04\/Textbloecke_Druck_01.png 552w, https:\/\/magical-cohen.5-44-109-22.plesk.page\/wp-content\/uploads\/2025\/04\/Textbloecke_Druck_01-300x184.png 300w\" sizes=\"(max-width: 552px) 100vw, 552px\" \/>\t\t\t\t\t\t\t\t\t\t\t\t\t\t\t<\/div>\n\t\t\t\t<\/div>\n\t\t\t\t<\/div>\n\t\t<div class=\"elementor-element elementor-element-5b0d169 e-con-full e-flex e-con e-child\" data-id=\"5b0d169\" data-element_type=\"container\">\n\t\t\t\t<div class=\"elementor-element elementor-element-da61b02 elementor-widget elementor-widget-heading\" data-id=\"da61b02\" data-element_type=\"widget\" data-widget_type=\"heading.default\">\n\t\t\t\t<div class=\"elementor-widget-container\">\n\t\t\t\t\t<h1 class=\"elementor-heading-title elementor-size-default\">Unsere Expertise f\u00fcr Ihre Printmedien<\/h1>\t\t\t\t<\/div>\n\t\t\t\t<\/div>\n\t\t\t\t<div class=\"elementor-element elementor-element-d023b37 elementor-widget elementor-widget-text-editor\" data-id=\"d023b37\" data-element_type=\"widget\" data-widget_type=\"text-editor.default\">\n\t\t\t\t<div class=\"elementor-widget-container\">\n\t\t\t\t\t\t\t\t\t<div class=\"uk-panel uk-margin\"><p class=\"p1\">Im Print sind die Anwendungsm\u00f6glichkeiten vielf\u00e4ltig. Da ist es gut, wenn man einen Experten zur Hand hat, der einen optimal beraten kann. Ob ein besonderes Papier, Sonderfarben, Stanzenaufbau, Kostenplanung oder individualisierter Versand, wir stehen Ihnen mit jahrzehntelangem Know-how zur Seite.<\/p><p class=\"p1\">Aufgrund zahlreicher und gro\u00dfenteils aufwendiger Druck-Produktionen wissen wir, worauf es ankommt. POS-Werbemittel, Messest\u00e4nde oder Magazine sind bei uns ebenso in professionellen H\u00e4nden wie Visitenkarten, Flyer und Plakate. Eine qualitativ hochwertige Produktion s\u00e4mtlicher Medien und Formate ist f\u00fcr uns selbstverst\u00e4ndlich. Und gemeinsam mit unseren starken Netzwerkpartnern sorgen wir f\u00fcr brilliante Ergebnisse mit Wow-Effekt.\u00a0<\/p><\/div>\t\t\t\t\t\t\t\t<\/div>\n\t\t\t\t<\/div>\n\t\t\t\t<\/div>\n\t\t\t\t\t<\/div>\n\t\t\t\t<\/div>\n\t\t<div class=\"elementor-element elementor-element-c37205b e-flex e-con-boxed e-con e-parent\" data-id=\"c37205b\" data-element_type=\"container\" data-settings=\"{&quot;background_background&quot;:&quot;classic&quot;}\">\n\t\t\t\t\t<div class=\"e-con-inner\">\n\t\t<div class=\"elementor-element elementor-element-c367535 e-con-full e-flex e-con e-child\" data-id=\"c367535\" data-element_type=\"container\">\n\t\t\t\t<div class=\"elementor-element elementor-element-12b791d elementor-widget elementor-widget-text-editor\" data-id=\"12b791d\" data-element_type=\"widget\" data-widget_type=\"text-editor.default\">\n\t\t\t\t<div class=\"elementor-widget-container\">\n\t\t\t\t\t\t\t\t\t<div class=\"uk-panel uk-margin\"><div class=\"uk-grid tm-grid-expand uk-grid-margin\"><div class=\"uk-width-1-2@m\"><div class=\"uk-panel uk-margin\"><p>Dar\u00fcber hinaus bietet die Kreativretusche vielf\u00e4ltige M\u00f6glichkeiten, um Ihre Botschaft perfekt zu unterstreichen. Von Detailoptimierungen, Farbkorrekturen, Beautyretuschen und Composings bis hin zur Sch\u00f6pfung neuer oder idealisierter Bildwelten stehen wir Ihnen mit lithographischem Auge und kreativem Know-how f\u00fcr das passende Finish zur Seite.<\/p><p>Gro\u00dfe, namenhafte Produktionen wie Brigitte, Men\u2018s Health, Women\u2018s Health, Sch\u00f6ner Wohnen oder Stern vertrauen uns bereits seit Jahren.<span class=\"Apple-converted-space\">\u00a0<\/span><\/p><p>Doch welchen Umfang Ihr Anliegen auch immer haben mag, wir begleiten Sie w\u00e4hrend des gesamten Prozesses pers\u00f6nlich und k\u00f6nnen so jederzeit<span class=\"Apple-converted-space\">\u00a0 <\/span>\u2013 auch noch in der Endphase \u2013 auf \u00c4nderungsw\u00fcnsche reagieren.<\/p><p>Gro\u00dfe Datenmengen sind f\u00fcr uns ebenfalls kein Problem. Ihre Dateien k\u00f6nnen Sie einfach \u00fcber unseren FTP-Server hochladen. Ganz bequem.<span class=\"Apple-converted-space\">\u00a0<\/span><\/p><p>Bereit Ihr Projekt erstahlen zu lassen?<\/p><p>Lernen Sie uns kennen.<\/p><\/div><\/div><\/div><\/div>\t\t\t\t\t\t\t\t<\/div>\n\t\t\t\t<\/div>\n\t\t<div class=\"elementor-element elementor-element-a14502d e-con-full e-flex e-con e-child\" data-id=\"a14502d\" data-element_type=\"container\" data-settings=\"{&quot;background_background&quot;:&quot;classic&quot;}\">\n\t\t\t\t<div class=\"elementor-element elementor-element-7811f9d elementor-widget-mobile__width-inherit elementor-widget elementor-widget-heading\" data-id=\"7811f9d\" data-element_type=\"widget\" data-widget_type=\"heading.default\">\n\t\t\t\t<div class=\"elementor-widget-container\">\n\t\t\t\t\t<h2 class=\"elementor-heading-title elementor-size-default\">Wobei k\u00f6nnen wir Sie unterst\u00fctzen?\n<\/h2>\t\t\t\t<\/div>\n\t\t\t\t<\/div>\n\t\t<div class=\"elementor-element elementor-element-440400e e-con-full e-flex e-con e-child\" data-id=\"440400e\" data-element_type=\"container\">\n\t\t<div class=\"elementor-element elementor-element-616f838 e-con-full e-flex e-con e-child\" data-id=\"616f838\" data-element_type=\"container\">\n\t\t\t\t<div class=\"elementor-element elementor-element-141cbee elementor-widget elementor-widget-text-editor\" data-id=\"141cbee\" data-element_type=\"widget\" data-widget_type=\"text-editor.default\">\n\t\t\t\t<div class=\"elementor-widget-container\">\n\t\t\t\t\t\t\t\t\t<ul><li>Konzeption &amp; Strategische Planung<\/li><li>Corporate Design<\/li><li>Webdesign &amp; Mobile<\/li><li>Unternehmenskommunikation<\/li><li>Klassische Werbung<\/li><li>Newsletter<\/li><\/ul>\t\t\t\t\t\t\t\t<\/div>\n\t\t\t\t<\/div>\n\t\t\t\t<\/div>\n\t\t<div class=\"elementor-element elementor-element-363375e e-con-full e-flex e-con e-child\" data-id=\"363375e\" data-element_type=\"container\">\n\t\t\t\t<div class=\"elementor-element elementor-element-02bdbc6 elementor-widget elementor-widget-text-editor\" data-id=\"02bdbc6\" data-element_type=\"widget\" data-widget_type=\"text-editor.default\">\n\t\t\t\t<div class=\"elementor-widget-container\">\n\t\t\t\t\t\t\t\t\t<ul><li>Animation &amp; Social Media Ads<\/li><li>POS \/ Verkaufsf\u00f6rderung<\/li><li>Messe &amp; Event<\/li><li>Interieurdesign<\/li><li>DUON-Unterst\u00fctzung<\/li><\/ul>\t\t\t\t\t\t\t\t<\/div>\n\t\t\t\t<\/div>\n\t\t\t\t<\/div>\n\t\t<div class=\"elementor-element elementor-element-6bb2156 e-con-full e-flex e-con e-child\" data-id=\"6bb2156\" data-element_type=\"container\">\n\t\t\t\t<div class=\"elementor-element elementor-element-0c59832 elementor-widget elementor-widget-text-editor\" data-id=\"0c59832\" data-element_type=\"widget\" data-widget_type=\"text-editor.default\">\n\t\t\t\t<div class=\"elementor-widget-container\">\n\t\t\t\t\t\t\t\t\t<ul><li>3D-Modellierung<\/li><li>Dialogmarketing<\/li><li>Kreativretusche<\/li><li>Reinzeichnung<\/li><li>Prooferstellung<\/li><\/ul>\t\t\t\t\t\t\t\t<\/div>\n\t\t\t\t<\/div>\n\t\t\t\t<\/div>\n\t\t\t\t<\/div>\n\t\t\t\t<\/div>\n\t\t\t\t<\/div>\n\t\t\t\t\t<\/div>\n\t\t\t\t<\/div>\n\t\t\t\t<\/div>\n\t\t","protected":false},"excerpt":{"rendered":"<p>Unsere Expertise f\u00fcr Ihre Printmedien Im Print sind die Anwendungsm\u00f6glichkeiten vielf\u00e4ltig. Da ist es gut, wenn man einen Experten zur [&hellip;]<\/p>\n","protected":false},"author":1,"featured_media":0,"parent":0,"menu_order":0,"comment_status":"closed","ping_status":"closed","template":"","meta":{"site-sidebar-layout":"no-sidebar","site-content-layout":"","ast-site-content-layout":"full-width-container","site-content-style":"default","site-sidebar-style":"default","ast-global-header-display":"","ast-banner-title-visibility":"","ast-main-header-display":"","ast-hfb-above-header-display":"","ast-hfb-below-header-display":"","ast-hfb-mobile-header-display":"","site-post-title":"disabled","ast-breadcrumbs-content":"","ast-featured-img":"disabled","footer-sml-layout":"","theme-transparent-header-meta":"","adv-header-id-meta":"","stick-header-meta":"","header-above-stick-meta":"","header-main-stick-meta":"","header-below-stick-meta":"","astra-migrate-meta-layouts":"default","ast-page-background-enabled":"default","ast-page-background-meta":{"desktop":{"background-color":"var(--ast-global-color-5)","background-image":"","background-repeat":"repeat","background-position":"center center","background-size":"auto","background-attachment":"scroll","background-type":"","background-media":"","overlay-type":"","overlay-color":"","overlay-opacity":"","overlay-gradient":""},"tablet":{"background-color":"","background-image":"","background-repeat":"repeat","background-position":"center center","background-size":"auto","background-attachment":"scroll","background-type":"","background-media":"","overlay-type":"","overlay-color":"","overlay-opacity":"","overlay-gradient":""},"mobile":{"background-color":"","background-image":"","background-repeat":"repeat","background-position":"center center","background-size":"auto","background-attachment":"scroll","background-type":"","background-media":"","overlay-type":"","overlay-color":"","overlay-opacity":"","overlay-gradient":""}},"ast-content-background-meta":{"desktop":{"background-color":"var(--ast-global-color-4)","background-image":"","background-repeat":"repeat","background-position":"center center","background-size":"auto","background-attachment":"scroll","background-type":"","background-media":"","overlay-type":"","overlay-color":"","overlay-opacity":"","overlay-gradient":""},"tablet":{"background-color":"var(--ast-global-color-4)","background-image":"","background-repeat":"repeat","background-position":"center center","background-size":"auto","background-attachment":"scroll","background-type":"","background-media":"","overlay-type":"","overlay-color":"","overlay-opacity":"","overlay-gradient":""},"mobile":{"background-color":"var(--ast-global-color-4)","background-image":"","background-repeat":"repeat","background-position":"center center","background-size":"auto","background-attachment":"scroll","background-type":"","background-media":"","overlay-type":"","overlay-color":"","overlay-opacity":"","overlay-gradient":""}},"footnotes":""},"class_list":["post-406","page","type-page","status-publish","hentry"],"_links":{"self":[{"href":"https:\/\/magical-cohen.5-44-109-22.plesk.page\/index.php\/wp-json\/wp\/v2\/pages\/406","targetHints":{"allow":["GET"]}}],"collection":[{"href":"https:\/\/magical-cohen.5-44-109-22.plesk.page\/index.php\/wp-json\/wp\/v2\/pages"}],"about":[{"href":"https:\/\/magical-cohen.5-44-109-22.plesk.page\/index.php\/wp-json\/wp\/v2\/types\/page"}],"author":[{"embeddable":true,"href":"https:\/\/magical-cohen.5-44-109-22.plesk.page\/index.php\/wp-json\/wp\/v2\/users\/1"}],"replies":[{"embeddable":true,"href":"https:\/\/magical-cohen.5-44-109-22.plesk.page\/index.php\/wp-json\/wp\/v2\/comments?post=406"}],"version-history":[{"count":10,"href":"https:\/\/magical-cohen.5-44-109-22.plesk.page\/index.php\/wp-json\/wp\/v2\/pages\/406\/revisions"}],"predecessor-version":[{"id":419,"href":"https:\/\/magical-cohen.5-44-109-22.plesk.page\/index.php\/wp-json\/wp\/v2\/pages\/406\/revisions\/419"}],"wp:attachment":[{"href":"https:\/\/magical-cohen.5-44-109-22.plesk.page\/index.php\/wp-json\/wp\/v2\/media?parent=406"}],"curies":[{"name":"wp","href":"https:\/\/api.w.org\/{rel}","templated":true}]}}