{"id":397,"date":"2025-04-02T12:17:29","date_gmt":"2025-04-02T12:17:29","guid":{"rendered":"https:\/\/magical-cohen.5-44-109-22.plesk.page\/?page_id=397"},"modified":"2025-04-03T08:46:28","modified_gmt":"2025-04-03T08:46:28","slug":"retusche-reinzeichnung","status":"publish","type":"page","link":"https:\/\/magical-cohen.5-44-109-22.plesk.page\/index.php\/retusche-reinzeichnung\/","title":{"rendered":"Retusche + Reinzeichnung"},"content":{"rendered":"\t\t<div data-elementor-type=\"wp-page\" data-elementor-id=\"397\" class=\"elementor elementor-397\" data-elementor-post-type=\"page\">\n\t\t\t\t<div class=\"elementor-element elementor-element-9b11d9f e-flex e-con-boxed e-con e-parent\" data-id=\"9b11d9f\" data-element_type=\"container\" data-settings=\"{&quot;background_background&quot;:&quot;classic&quot;}\">\n\t\t\t\t\t<div class=\"e-con-inner\">\n\t\t\t\t\t<\/div>\n\t\t\t\t<\/div>\n\t\t<div class=\"elementor-element elementor-element-da04611 e-flex e-con-boxed e-con e-parent\" data-id=\"da04611\" data-element_type=\"container\" data-settings=\"{&quot;background_background&quot;:&quot;classic&quot;}\">\n\t\t\t\t\t<div class=\"e-con-inner\">\n\t\t<div class=\"elementor-element elementor-element-0045a70 e-con-full e-flex e-con e-child\" data-id=\"0045a70\" data-element_type=\"container\">\n\t\t\t\t<div class=\"elementor-element elementor-element-df03595 elementor-widget elementor-widget-image\" data-id=\"df03595\" data-element_type=\"widget\" data-widget_type=\"image.default\">\n\t\t\t\t<div class=\"elementor-widget-container\">\n\t\t\t\t\t\t\t\t\t\t\t\t\t\t\t<img fetchpriority=\"high\" decoding=\"async\" width=\"552\" height=\"634\" src=\"https:\/\/magical-cohen.5-44-109-22.plesk.page\/wp-content\/uploads\/2025\/04\/Textbloecke_Litho.png\" class=\"attachment-large size-large wp-image-400\" alt=\"\" srcset=\"https:\/\/magical-cohen.5-44-109-22.plesk.page\/wp-content\/uploads\/2025\/04\/Textbloecke_Litho.png 552w, https:\/\/magical-cohen.5-44-109-22.plesk.page\/wp-content\/uploads\/2025\/04\/Textbloecke_Litho-261x300.png 261w\" sizes=\"(max-width: 552px) 100vw, 552px\" \/>\t\t\t\t\t\t\t\t\t\t\t\t\t\t\t<\/div>\n\t\t\t\t<\/div>\n\t\t\t\t<\/div>\n\t\t<div class=\"elementor-element elementor-element-68628c7 e-con-full e-flex e-con e-child\" data-id=\"68628c7\" data-element_type=\"container\">\n\t\t\t\t<div class=\"elementor-element elementor-element-6507f31 elementor-widget elementor-widget-heading\" data-id=\"6507f31\" data-element_type=\"widget\" data-widget_type=\"heading.default\">\n\t\t\t\t<div class=\"elementor-widget-container\">\n\t\t\t\t\t<h1 class=\"elementor-heading-title elementor-size-default\">Professionelle Bildbearbeitung und Reinzeichnung f\u00fcr Ihre Projekte<\/h1>\t\t\t\t<\/div>\n\t\t\t\t<\/div>\n\t\t\t\t<div class=\"elementor-element elementor-element-558ac29 elementor-widget elementor-widget-text-editor\" data-id=\"558ac29\" data-element_type=\"widget\" data-widget_type=\"text-editor.default\">\n\t\t\t\t<div class=\"elementor-widget-container\">\n\t\t\t\t\t\t\t\t\t<div class=\"uk-panel uk-margin\"><div class=\"uk-grid tm-grid-expand uk-grid-margin\"><div class=\"uk-width-1-2@m\"><div class=\"uk-panel uk-margin\"><p>Ihr Layout ist abgestimmt und bereit das Licht der \u00d6ffentlichkeit zu erblicken? Sie suchen die richtige Szene, die Ihr Produkt ausdrucksstark pr\u00e4sentiert? Die Produktion Ihres Heftes steht in den Startl\u00f6chern und bedarf erfahrener Expertenh\u00e4nde?<span class=\"Apple-converted-space\">\u00a0<\/span><\/p><p>In der Bildbearbeitung und Reinzeichnung sind Pr\u00e4zision, \u00e4sthetisches Feingef\u00fchl und ein professioneller Workflow entscheidend f\u00fcr das optimale Endergebnis. Wir von MWW Medien unterst\u00fctzen Sie dabei gern.<\/p><p>Damit Ihr Projekt genauso umgesetzt wird, wie Sie sich das vorgestellt haben, arbeiten unsere Prepress-Profis mit modernster Technik und nach aktuellsten Medienstandards. Ob Colormanagement oder Prooferstellung \u2013 unsere jahrzehntelange Erfahrung und innovative Flexibilit\u00e4t erm\u00f6glichen uns die Datenaufarbeitung f\u00fcr unterschiedlichste Ausgabesysteme und Druckverfahren.<span class=\"Apple-converted-space\">\u00a0<\/span><\/p><p>Im Digitalproof arbeiten wir mit GMG Proof-Systemen, die regelm\u00e4\u00dfig vermessen und kalibriert werden. Dadurch erf\u00fcllen sie die Anforderungen des Prozess-Standard-Offset und Prozess-Standard Rotogravure. Alle Proofs werden mit einem Medienkeil versehen und auf Wunsch k\u00f6nnen Sie ein detailiertes Proofprotokoll erhalten.<span class=\"Apple-converted-space\">\u00a0<\/span><\/p><p>Als GMG-ColorProof-Anwender verf\u00fcgen wir \u00fcber alle Farbanpassungen der unterschiedlichen Druckverfahren. Dabei erstellen wir unsere Proofs auf angepassten Papiersorten im Rollen- oder Bogenformat. So k\u00f6nnen wir auch bei gro\u00dfen Seitenumf\u00e4ngen wie in der Heftproduktion eine fehlerfreie Umsetzung und ein sicheres, hochqualitatives Ergebnis garantieren.<\/p><\/div><\/div><\/div><\/div>\t\t\t\t\t\t\t\t<\/div>\n\t\t\t\t<\/div>\n\t\t\t\t<\/div>\n\t\t\t\t\t<\/div>\n\t\t\t\t<\/div>\n\t\t<div class=\"elementor-element elementor-element-43c027b e-flex e-con-boxed e-con e-parent\" data-id=\"43c027b\" data-element_type=\"container\" data-settings=\"{&quot;background_background&quot;:&quot;classic&quot;}\">\n\t\t\t\t\t<div class=\"e-con-inner\">\n\t\t<div class=\"elementor-element elementor-element-6da414e e-con-full e-flex e-con e-child\" data-id=\"6da414e\" data-element_type=\"container\">\n\t\t\t\t<div class=\"elementor-element elementor-element-10e6efb elementor-widget elementor-widget-text-editor\" data-id=\"10e6efb\" data-element_type=\"widget\" data-widget_type=\"text-editor.default\">\n\t\t\t\t<div class=\"elementor-widget-container\">\n\t\t\t\t\t\t\t\t\t<div class=\"uk-panel uk-margin\"><div class=\"uk-grid tm-grid-expand uk-grid-margin\"><div class=\"uk-width-1-2@m\"><div class=\"uk-panel uk-margin\"><p>Dar\u00fcber hinaus bietet die Kreativretusche vielf\u00e4ltige M\u00f6glichkeiten, um Ihre Botschaft perfekt zu unterstreichen. Von Detailoptimierungen, Farbkorrekturen, Beautyretuschen und Composings bis hin zur Sch\u00f6pfung neuer oder idealisierter Bildwelten stehen wir Ihnen mit lithographischem Auge und kreativem Know-how f\u00fcr das passende Finish zur Seite.<\/p><p>Gro\u00dfe, namenhafte Produktionen wie Brigitte, Men\u2018s Health, Women\u2018s Health, Sch\u00f6ner Wohnen oder Stern vertrauen uns bereits seit Jahren.<span class=\"Apple-converted-space\">\u00a0<\/span><\/p><p>Doch welchen Umfang Ihr Anliegen auch immer haben mag, wir begleiten Sie w\u00e4hrend des gesamten Prozesses pers\u00f6nlich und k\u00f6nnen so jederzeit<span class=\"Apple-converted-space\">\u00a0 <\/span>\u2013 auch noch in der Endphase \u2013 auf \u00c4nderungsw\u00fcnsche reagieren.<\/p><p>Gro\u00dfe Datenmengen sind f\u00fcr uns ebenfalls kein Problem. Ihre Dateien k\u00f6nnen Sie einfach \u00fcber unseren FTP-Server hochladen. Ganz bequem.<span class=\"Apple-converted-space\">\u00a0<\/span><\/p><p>Bereit Ihr Projekt erstahlen zu lassen?<\/p><p>Lernen Sie uns kennen.<\/p><\/div><\/div><\/div><\/div>\t\t\t\t\t\t\t\t<\/div>\n\t\t\t\t<\/div>\n\t\t<div class=\"elementor-element elementor-element-040b18e e-con-full e-flex e-con e-child\" data-id=\"040b18e\" data-element_type=\"container\" data-settings=\"{&quot;background_background&quot;:&quot;classic&quot;}\">\n\t\t\t\t<div class=\"elementor-element elementor-element-90f651d elementor-widget-mobile__width-inherit elementor-widget elementor-widget-heading\" data-id=\"90f651d\" data-element_type=\"widget\" data-widget_type=\"heading.default\">\n\t\t\t\t<div class=\"elementor-widget-container\">\n\t\t\t\t\t<h2 class=\"elementor-heading-title elementor-size-default\">Wobei k\u00f6nnen wir Sie unterst\u00fctzen?\n<\/h2>\t\t\t\t<\/div>\n\t\t\t\t<\/div>\n\t\t<div class=\"elementor-element elementor-element-c1ec97f e-con-full e-flex e-con e-child\" data-id=\"c1ec97f\" data-element_type=\"container\">\n\t\t<div class=\"elementor-element elementor-element-241d018 e-con-full e-flex e-con e-child\" data-id=\"241d018\" data-element_type=\"container\">\n\t\t\t\t<div class=\"elementor-element elementor-element-66c1f5b elementor-widget elementor-widget-text-editor\" data-id=\"66c1f5b\" data-element_type=\"widget\" data-widget_type=\"text-editor.default\">\n\t\t\t\t<div class=\"elementor-widget-container\">\n\t\t\t\t\t\t\t\t\t<ul><li>Konzeption &amp; Strategische Planung<\/li><li>Corporate Design<\/li><li>Webdesign &amp; Mobile<\/li><li>Unternehmenskommunikation<\/li><li>Klassische Werbung<\/li><li>Newsletter<\/li><\/ul>\t\t\t\t\t\t\t\t<\/div>\n\t\t\t\t<\/div>\n\t\t\t\t<\/div>\n\t\t<div class=\"elementor-element elementor-element-02fe9e0 e-con-full e-flex e-con e-child\" data-id=\"02fe9e0\" data-element_type=\"container\">\n\t\t\t\t<div class=\"elementor-element elementor-element-7955cea elementor-widget elementor-widget-text-editor\" data-id=\"7955cea\" data-element_type=\"widget\" data-widget_type=\"text-editor.default\">\n\t\t\t\t<div class=\"elementor-widget-container\">\n\t\t\t\t\t\t\t\t\t<ul><li>Animation &amp; Social Media Ads<\/li><li>POS \/ Verkaufsf\u00f6rderung<\/li><li>Messe &amp; Event<\/li><li>Interieurdesign<\/li><li>DUON-Unterst\u00fctzung<\/li><\/ul>\t\t\t\t\t\t\t\t<\/div>\n\t\t\t\t<\/div>\n\t\t\t\t<\/div>\n\t\t<div class=\"elementor-element elementor-element-790b909 e-con-full e-flex e-con e-child\" data-id=\"790b909\" data-element_type=\"container\">\n\t\t\t\t<div class=\"elementor-element elementor-element-a620e78 elementor-widget elementor-widget-text-editor\" data-id=\"a620e78\" data-element_type=\"widget\" data-widget_type=\"text-editor.default\">\n\t\t\t\t<div class=\"elementor-widget-container\">\n\t\t\t\t\t\t\t\t\t<ul><li>3D-Modellierung<\/li><li>Dialogmarketing<\/li><li>Kreativretusche<\/li><li>Reinzeichnung<\/li><li>Prooferstellung<\/li><\/ul>\t\t\t\t\t\t\t\t<\/div>\n\t\t\t\t<\/div>\n\t\t\t\t<\/div>\n\t\t\t\t<\/div>\n\t\t\t\t<\/div>\n\t\t\t\t<\/div>\n\t\t\t\t\t<\/div>\n\t\t\t\t<\/div>\n\t\t\t\t<\/div>\n\t\t","protected":false},"excerpt":{"rendered":"<p>Professionelle Bildbearbeitung und Reinzeichnung f\u00fcr Ihre Projekte Ihr Layout ist abgestimmt und bereit das Licht der \u00d6ffentlichkeit zu erblicken? Sie [&hellip;]<\/p>\n","protected":false},"author":1,"featured_media":0,"parent":0,"menu_order":0,"comment_status":"closed","ping_status":"closed","template":"","meta":{"site-sidebar-layout":"no-sidebar","site-content-layout":"","ast-site-content-layout":"full-width-container","site-content-style":"default","site-sidebar-style":"default","ast-global-header-display":"","ast-banner-title-visibility":"","ast-main-header-display":"","ast-hfb-above-header-display":"","ast-hfb-below-header-display":"","ast-hfb-mobile-header-display":"","site-post-title":"disabled","ast-breadcrumbs-content":"","ast-featured-img":"disabled","footer-sml-layout":"","theme-transparent-header-meta":"","adv-header-id-meta":"","stick-header-meta":"","header-above-stick-meta":"","header-main-stick-meta":"","header-below-stick-meta":"","astra-migrate-meta-layouts":"default","ast-page-background-enabled":"default","ast-page-background-meta":{"desktop":{"background-color":"var(--ast-global-color-5)","background-image":"","background-repeat":"repeat","background-position":"center center","background-size":"auto","background-attachment":"scroll","background-type":"","background-media":"","overlay-type":"","overlay-color":"","overlay-opacity":"","overlay-gradient":""},"tablet":{"background-color":"","background-image":"","background-repeat":"repeat","background-position":"center center","background-size":"auto","background-attachment":"scroll","background-type":"","background-media":"","overlay-type":"","overlay-color":"","overlay-opacity":"","overlay-gradient":""},"mobile":{"background-color":"","background-image":"","background-repeat":"repeat","background-position":"center center","background-size":"auto","background-attachment":"scroll","background-type":"","background-media":"","overlay-type":"","overlay-color":"","overlay-opacity":"","overlay-gradient":""}},"ast-content-background-meta":{"desktop":{"background-color":"var(--ast-global-color-4)","background-image":"","background-repeat":"repeat","background-position":"center center","background-size":"auto","background-attachment":"scroll","background-type":"","background-media":"","overlay-type":"","overlay-color":"","overlay-opacity":"","overlay-gradient":""},"tablet":{"background-color":"var(--ast-global-color-4)","background-image":"","background-repeat":"repeat","background-position":"center center","background-size":"auto","background-attachment":"scroll","background-type":"","background-media":"","overlay-type":"","overlay-color":"","overlay-opacity":"","overlay-gradient":""},"mobile":{"background-color":"var(--ast-global-color-4)","background-image":"","background-repeat":"repeat","background-position":"center center","background-size":"auto","background-attachment":"scroll","background-type":"","background-media":"","overlay-type":"","overlay-color":"","overlay-opacity":"","overlay-gradient":""}},"footnotes":""},"class_list":["post-397","page","type-page","status-publish","hentry"],"_links":{"self":[{"href":"https:\/\/magical-cohen.5-44-109-22.plesk.page\/index.php\/wp-json\/wp\/v2\/pages\/397","targetHints":{"allow":["GET"]}}],"collection":[{"href":"https:\/\/magical-cohen.5-44-109-22.plesk.page\/index.php\/wp-json\/wp\/v2\/pages"}],"about":[{"href":"https:\/\/magical-cohen.5-44-109-22.plesk.page\/index.php\/wp-json\/wp\/v2\/types\/page"}],"author":[{"embeddable":true,"href":"https:\/\/magical-cohen.5-44-109-22.plesk.page\/index.php\/wp-json\/wp\/v2\/users\/1"}],"replies":[{"embeddable":true,"href":"https:\/\/magical-cohen.5-44-109-22.plesk.page\/index.php\/wp-json\/wp\/v2\/comments?post=397"}],"version-history":[{"count":7,"href":"https:\/\/magical-cohen.5-44-109-22.plesk.page\/index.php\/wp-json\/wp\/v2\/pages\/397\/revisions"}],"predecessor-version":[{"id":430,"href":"https:\/\/magical-cohen.5-44-109-22.plesk.page\/index.php\/wp-json\/wp\/v2\/pages\/397\/revisions\/430"}],"wp:attachment":[{"href":"https:\/\/magical-cohen.5-44-109-22.plesk.page\/index.php\/wp-json\/wp\/v2\/media?parent=397"}],"curies":[{"name":"wp","href":"https:\/\/api.w.org\/{rel}","templated":true}]}}