{"id":33,"date":"2025-03-26T12:34:04","date_gmt":"2025-03-26T12:34:04","guid":{"rendered":"https:\/\/magical-cohen.5-44-109-22.plesk.page\/index.php\/our-story\/"},"modified":"2025-03-27T13:22:20","modified_gmt":"2025-03-27T13:22:20","slug":"konzept_design","status":"publish","type":"page","link":"https:\/\/magical-cohen.5-44-109-22.plesk.page\/index.php\/konzept_design\/","title":{"rendered":"Konzept + Design"},"content":{"rendered":"\t\t<div data-elementor-type=\"wp-page\" data-elementor-id=\"33\" class=\"elementor elementor-33\" data-elementor-post-type=\"page\">\n\t\t\t\t<div class=\"elementor-element elementor-element-2af5a83 e-con-full e-flex e-con e-parent\" data-id=\"2af5a83\" data-element_type=\"container\" data-settings=\"{&quot;background_background&quot;:&quot;classic&quot;}\">\n\t\t\t\t<\/div>\n\t\t<div class=\"elementor-element elementor-element-5420e70 e-flex e-con-boxed e-con e-parent\" data-id=\"5420e70\" data-element_type=\"container\" data-settings=\"{&quot;background_background&quot;:&quot;classic&quot;}\">\n\t\t\t\t\t<div class=\"e-con-inner\">\n\t\t<div class=\"elementor-element elementor-element-33828af e-con-full e-flex e-con e-child\" data-id=\"33828af\" data-element_type=\"container\">\n\t\t\t\t<div class=\"elementor-element elementor-element-e5c9ffd elementor-widget elementor-widget-image\" data-id=\"e5c9ffd\" data-element_type=\"widget\" data-widget_type=\"image.default\">\n\t\t\t\t<div class=\"elementor-widget-container\">\n\t\t\t\t\t\t\t\t\t\t\t\t\t\t\t<img fetchpriority=\"high\" decoding=\"async\" width=\"552\" height=\"591\" src=\"https:\/\/magical-cohen.5-44-109-22.plesk.page\/wp-content\/uploads\/2025\/03\/Textbloecke_Grafik_01.png\" class=\"attachment-large size-large wp-image-176\" alt=\"\" srcset=\"https:\/\/magical-cohen.5-44-109-22.plesk.page\/wp-content\/uploads\/2025\/03\/Textbloecke_Grafik_01.png 552w, https:\/\/magical-cohen.5-44-109-22.plesk.page\/wp-content\/uploads\/2025\/03\/Textbloecke_Grafik_01-280x300.png 280w\" sizes=\"(max-width: 552px) 100vw, 552px\" \/>\t\t\t\t\t\t\t\t\t\t\t\t\t\t\t<\/div>\n\t\t\t\t<\/div>\n\t\t\t\t<\/div>\n\t\t<div class=\"elementor-element elementor-element-3b434d5 e-con-full e-flex e-con e-child\" data-id=\"3b434d5\" data-element_type=\"container\">\n\t\t\t\t<div class=\"elementor-element elementor-element-99e2a76 elementor-widget elementor-widget-heading\" data-id=\"99e2a76\" data-element_type=\"widget\" data-widget_type=\"heading.default\">\n\t\t\t\t<div class=\"elementor-widget-container\">\n\t\t\t\t\t<h1 class=\"elementor-heading-title elementor-size-default\">Augen zum Funkeln bringen und begeistern <\/h1>\t\t\t\t<\/div>\n\t\t\t\t<\/div>\n\t\t\t\t<div class=\"elementor-element elementor-element-9816241 elementor-widget elementor-widget-text-editor\" data-id=\"9816241\" data-element_type=\"widget\" data-widget_type=\"text-editor.default\">\n\t\t\t\t<div class=\"elementor-widget-container\">\n\t\t\t\t\t\t\t\t\t<div class=\"uk-panel uk-margin\"><div>das ist in der heutigen Werbe- und Informationsflut nicht immer einfach. Doch es ist wichtig, um Kunden zu gewinnen und diese nachhaltig zu binden.<\/div><div>Als Full-Service-Agentur unterst\u00fctzt MWW Medien Sie auf allen Ebenen und bieten Ihnen das gesamte Spektrum der Werbung und Unternehmenskommunikation \u2013 von klassisch bis digital.<\/div><div>\u00a0<\/div><div>Ganz pers\u00f6nlich k\u00fcmmern wir uns um Ihre Ziele und Ihren Unternehmenserfolg. Wir denken uns in Sie hinein und finden L\u00f6sungen, die zu Ihnen passen. Professionell beraten wir Sie zur richtigen Strategie, entwickeln z\u00fcndende Ideen und setzen diese auf die jeweilige Zielgruppe zugeschnitten um. Dabei betonen wir gestalterisch und textlich die Einzigartigkeit Ihres Unternehmens, Ihres Produktes oder Ihrer Botschaft. Immer punktgenau mit einer Prise Mut und \u00dcberraschung.<\/div><div>\u00a0<\/div><div>Im Webdesign sorgen wir neben einer tollen Gestaltung f\u00fcr \u00fcbersichtliche Strukturen, Usability und Suchmaschinenfreundlichkeit. Dar\u00fcber hinaus \u00fcbernehmen wir auch gerne die regelm\u00e4\u00dfige Pflege Ihrer Website. Social Media Ads, Landingpages oder Newsletter runden Ihren individuellen Online-Auftritt ab.<\/div><div>\u00a0<\/div><div>Entfachen Sie mit uns Ihr besonderes Feuerwerk. Lernen Sie uns kennen.<\/div><\/div>\t\t\t\t\t\t\t\t<\/div>\n\t\t\t\t<\/div>\n\t\t\t\t<\/div>\n\t\t\t\t\t<\/div>\n\t\t\t\t<\/div>\n\t\t<div class=\"elementor-element elementor-element-4b583d3 e-flex e-con-boxed e-con e-parent\" data-id=\"4b583d3\" data-element_type=\"container\" data-settings=\"{&quot;background_background&quot;:&quot;classic&quot;}\">\n\t\t\t\t\t<div class=\"e-con-inner\">\n\t\t\t\t<div class=\"elementor-element elementor-element-6d06be8 elementor-widget-mobile__width-inherit elementor-widget elementor-widget-heading\" data-id=\"6d06be8\" data-element_type=\"widget\" data-widget_type=\"heading.default\">\n\t\t\t\t<div class=\"elementor-widget-container\">\n\t\t\t\t\t<h2 class=\"elementor-heading-title elementor-size-default\">Wobei k\u00f6nnen wir Sie unterst\u00fctzen?\n<\/h2>\t\t\t\t<\/div>\n\t\t\t\t<\/div>\n\t\t<div class=\"elementor-element elementor-element-c8cd4fa e-con-full e-flex e-con e-child\" data-id=\"c8cd4fa\" data-element_type=\"container\">\n\t\t<div class=\"elementor-element elementor-element-dd7a7c4 e-con-full e-flex e-con e-child\" data-id=\"dd7a7c4\" data-element_type=\"container\">\n\t\t\t\t<div class=\"elementor-element elementor-element-f42893d elementor-widget elementor-widget-text-editor\" data-id=\"f42893d\" data-element_type=\"widget\" data-widget_type=\"text-editor.default\">\n\t\t\t\t<div class=\"elementor-widget-container\">\n\t\t\t\t\t\t\t\t\t<ul><li>Konzeption &amp; Strategische Planung<\/li><li>Corporate Design<\/li><li>Webdesign &amp; Mobile<\/li><li>Unternehmenskommunikation<\/li><li>Klassische Werbung<\/li><li>Newsletter<\/li><\/ul>\t\t\t\t\t\t\t\t<\/div>\n\t\t\t\t<\/div>\n\t\t\t\t<\/div>\n\t\t<div class=\"elementor-element elementor-element-950b7bb e-con-full e-flex e-con e-child\" data-id=\"950b7bb\" data-element_type=\"container\">\n\t\t\t\t<div class=\"elementor-element elementor-element-9124454 elementor-widget elementor-widget-text-editor\" data-id=\"9124454\" data-element_type=\"widget\" data-widget_type=\"text-editor.default\">\n\t\t\t\t<div class=\"elementor-widget-container\">\n\t\t\t\t\t\t\t\t\t<ul><li>Animation &amp; Social Media Ads<\/li><li>POS \/ Verkaufsf\u00f6rderung<\/li><li>Messe &amp; Event<\/li><li>Interieurdesign<\/li><li>DUON-Unterst\u00fctzung<\/li><\/ul>\t\t\t\t\t\t\t\t<\/div>\n\t\t\t\t<\/div>\n\t\t\t\t<\/div>\n\t\t<div class=\"elementor-element elementor-element-a60f5a8 e-con-full e-flex e-con e-child\" data-id=\"a60f5a8\" data-element_type=\"container\">\n\t\t\t\t<div class=\"elementor-element elementor-element-ba52b67 elementor-widget elementor-widget-text-editor\" data-id=\"ba52b67\" data-element_type=\"widget\" data-widget_type=\"text-editor.default\">\n\t\t\t\t<div class=\"elementor-widget-container\">\n\t\t\t\t\t\t\t\t\t<ul><li>3D-Modellierung<\/li><li>Dialogmarketing<\/li><li>Kreativretusche<\/li><li>Reinzeichnung<\/li><li>Prooferstellung<\/li><\/ul>\t\t\t\t\t\t\t\t<\/div>\n\t\t\t\t<\/div>\n\t\t\t\t<\/div>\n\t\t\t\t<\/div>\n\t\t\t\t\t<\/div>\n\t\t\t\t<\/div>\n\t\t\t\t<\/div>\n\t\t","protected":false},"excerpt":{"rendered":"<p>Augen zum Funkeln bringen und begeistern das ist in der heutigen Werbe- und Informationsflut nicht immer einfach. Doch es ist [&hellip;]<\/p>\n","protected":false},"author":1,"featured_media":0,"parent":0,"menu_order":0,"comment_status":"closed","ping_status":"closed","template":"elementor_header_footer","meta":{"site-sidebar-layout":"no-sidebar","site-content-layout":"","ast-site-content-layout":"full-width-container","site-content-style":"default","site-sidebar-style":"default","ast-global-header-display":"","ast-banner-title-visibility":"","ast-main-header-display":"","ast-hfb-above-header-display":"","ast-hfb-below-header-display":"","ast-hfb-mobile-header-display":"","site-post-title":"disabled","ast-breadcrumbs-content":"","ast-featured-img":"disabled","footer-sml-layout":"","theme-transparent-header-meta":"","adv-header-id-meta":"","stick-header-meta":"","header-above-stick-meta":"","header-main-stick-meta":"","header-below-stick-meta":"","astra-migrate-meta-layouts":"default","ast-page-background-enabled":"default","ast-page-background-meta":{"desktop":{"background-color":"var(--ast-global-color-5)","background-image":"","background-repeat":"repeat","background-position":"center center","background-size":"auto","background-attachment":"scroll","background-type":"","background-media":"","overlay-type":"","overlay-color":"","overlay-opacity":"","overlay-gradient":""},"tablet":{"background-color":"","background-image":"","background-repeat":"repeat","background-position":"center center","background-size":"auto","background-attachment":"scroll","background-type":"","background-media":"","overlay-type":"","overlay-color":"","overlay-opacity":"","overlay-gradient":""},"mobile":{"background-color":"","background-image":"","background-repeat":"repeat","background-position":"center center","background-size":"auto","background-attachment":"scroll","background-type":"","background-media":"","overlay-type":"","overlay-color":"","overlay-opacity":"","overlay-gradient":""}},"ast-content-background-meta":{"desktop":{"background-color":"var(--ast-global-color-4)","background-image":"","background-repeat":"repeat","background-position":"center center","background-size":"auto","background-attachment":"scroll","background-type":"","background-media":"","overlay-type":"","overlay-color":"","overlay-opacity":"","overlay-gradient":""},"tablet":{"background-color":"var(--ast-global-color-4)","background-image":"","background-repeat":"repeat","background-position":"center center","background-size":"auto","background-attachment":"scroll","background-type":"","background-media":"","overlay-type":"","overlay-color":"","overlay-opacity":"","overlay-gradient":""},"mobile":{"background-color":"var(--ast-global-color-4)","background-image":"","background-repeat":"repeat","background-position":"center center","background-size":"auto","background-attachment":"scroll","background-type":"","background-media":"","overlay-type":"","overlay-color":"","overlay-opacity":"","overlay-gradient":""}},"footnotes":""},"class_list":["post-33","page","type-page","status-publish","hentry"],"_links":{"self":[{"href":"https:\/\/magical-cohen.5-44-109-22.plesk.page\/index.php\/wp-json\/wp\/v2\/pages\/33","targetHints":{"allow":["GET"]}}],"collection":[{"href":"https:\/\/magical-cohen.5-44-109-22.plesk.page\/index.php\/wp-json\/wp\/v2\/pages"}],"about":[{"href":"https:\/\/magical-cohen.5-44-109-22.plesk.page\/index.php\/wp-json\/wp\/v2\/types\/page"}],"author":[{"embeddable":true,"href":"https:\/\/magical-cohen.5-44-109-22.plesk.page\/index.php\/wp-json\/wp\/v2\/users\/1"}],"replies":[{"embeddable":true,"href":"https:\/\/magical-cohen.5-44-109-22.plesk.page\/index.php\/wp-json\/wp\/v2\/comments?post=33"}],"version-history":[{"count":50,"href":"https:\/\/magical-cohen.5-44-109-22.plesk.page\/index.php\/wp-json\/wp\/v2\/pages\/33\/revisions"}],"predecessor-version":[{"id":179,"href":"https:\/\/magical-cohen.5-44-109-22.plesk.page\/index.php\/wp-json\/wp\/v2\/pages\/33\/revisions\/179"}],"wp:attachment":[{"href":"https:\/\/magical-cohen.5-44-109-22.plesk.page\/index.php\/wp-json\/wp\/v2\/media?parent=33"}],"curies":[{"name":"wp","href":"https:\/\/api.w.org\/{rel}","templated":true}]}}